{"id":452,"date":"2021-05-04T17:32:56","date_gmt":"2021-05-04T15:32:56","guid":{"rendered":"https:\/\/wiebke-bader.de\/?page_id=452"},"modified":"2022-08-05T09:03:18","modified_gmt":"2022-08-05T07:03:18","slug":"impressum","status":"publish","type":"page","link":"https:\/\/wiebke-bader.de\/en\/impressum\/","title":{"rendered":"Impressum"},"content":{"rendered":"<div class=\"wp-block-columns is-layout-flex wp-container-core-columns-is-layout-9d6595d7 wp-block-columns-is-layout-flex\">\n<div class=\"wp-block-column is-layout-flow wp-block-column-is-layout-flow\">\n<p>According to \u00a7 5 TMG<\/p>\n\n\n\n<p>Responsible for this website:<\/p>\n\n\n\n<p>Wiebke Bader<br>Droste-H\u00fclshoff-Weg 32<br>73431 Aalen<br>Germany<br>Tel. +49 152 57688827<br>info@wiebke-bader.de<br><\/p>\n\n\n\n<p>Texts, pictures, graphics and layout of these pages are subject to worldwide copyright. Unauthorised use, reproduction or disclosure is not allowed.<\/p>\n\n\n\n<p>Since websites can change at any time, there is no responsibility for the contents of the linked pages.<\/p>\n<\/div>\n<\/div>","protected":false},"excerpt":{"rendered":"<p>Angaben gem\u00e4\u00df \u00a75 TMG Verantwortlich f\u00fcr diese Webseite: Wiebke BaderDroste-H\u00fclshoff-Weg 3273431 AalenDeutschland\/GermanyTel. +49 152 57688827info@wiebke-bader.de Texte, Bilder, Grafiken sowie Layout dieser Seiten unterliegen dem Urheberrecht und anderen Gesetzen zum Schutz geistigen Eigentums. Von unerlaubter Verwendung, Reproduktion oder Weitergabe ist abzusehen. Da Websites sich jederzeit ver\u00e4ndern k\u00f6nnen, besteht keine Verantwortung f\u00fcr die Inhalte der mit dieser &hellip; <\/p>\n<p class=\"link-more\"><a href=\"https:\/\/wiebke-bader.de\/en\/impressum\/\" class=\"more-link\">Continue reading<span class=\"screen-reader-text\"> &#8222;Impressum&#8220;<\/span><\/a><\/p>","protected":false},"author":1,"featured_media":0,"parent":0,"menu_order":0,"comment_status":"closed","ping_status":"closed","template":"","meta":{"footnotes":""},"class_list":["post-452","page","type-page","status-publish","hentry"],"_links":{"self":[{"href":"https:\/\/wiebke-bader.de\/en\/wp-json\/wp\/v2\/pages\/452","targetHints":{"allow":["GET"]}}],"collection":[{"href":"https:\/\/wiebke-bader.de\/en\/wp-json\/wp\/v2\/pages"}],"about":[{"href":"https:\/\/wiebke-bader.de\/en\/wp-json\/wp\/v2\/types\/page"}],"author":[{"embeddable":true,"href":"https:\/\/wiebke-bader.de\/en\/wp-json\/wp\/v2\/users\/1"}],"replies":[{"embeddable":true,"href":"https:\/\/wiebke-bader.de\/en\/wp-json\/wp\/v2\/comments?post=452"}],"version-history":[{"count":13,"href":"https:\/\/wiebke-bader.de\/en\/wp-json\/wp\/v2\/pages\/452\/revisions"}],"predecessor-version":[{"id":1167,"href":"https:\/\/wiebke-bader.de\/en\/wp-json\/wp\/v2\/pages\/452\/revisions\/1167"}],"wp:attachment":[{"href":"https:\/\/wiebke-bader.de\/en\/wp-json\/wp\/v2\/media?parent=452"}],"curies":[{"name":"wp","href":"https:\/\/api.w.org\/{rel}","templated":true}]}}