{"id":44,"date":"2019-02-21T15:43:40","date_gmt":"2019-02-21T14:43:40","guid":{"rendered":"http:\/\/wiebke-bader.de\/?page_id=44"},"modified":"2025-05-20T17:18:07","modified_gmt":"2025-05-20T15:18:07","slug":"contact","status":"publish","type":"page","link":"https:\/\/wiebke-bader.de\/en\/contact\/","title":{"rendered":"Contact"},"content":{"rendered":"<div class=\"wp-block-columns is-layout-flex wp-container-core-columns-is-layout-9d6595d7 wp-block-columns-is-layout-flex\">\n<div class=\"wp-block-column is-layout-flow wp-block-column-is-layout-flow\">\n<p>Thank you for your interest in my sculptures. This website shows a selection of my work. It is continually being updated.<\/p>\n\n\n\n<p>Do you like any of the pieces shown?  <br>Would you like to find out which sculpture suits you and your space? <br>Or are you looking for something for a specific location?<\/p>\n\n\n\n<p>The sculptures shown here are available both in their original size and in larger scale. They can be created for you in any size and in any material. <\/p>\n\n\n\n<p>I would be happy to advise you on this: by phone, in my studio, or at your location. I look forward to hearing from you.<\/p>\n<\/div>\n\n\n\n<div class=\"wp-block-column is-layout-flow wp-block-column-is-layout-flow\">\n<figure class=\"wp-block-image size-full\"><img loading=\"lazy\" decoding=\"async\" width=\"655\" height=\"818\" src=\"https:\/\/wiebke-bader.de\/wp-content\/uploads\/2024\/03\/5829-002b.jpg\" alt=\"Portraitbild der K\u00fcnstlerin\" class=\"wp-image-1486\" srcset=\"https:\/\/wiebke-bader.de\/wp-content\/uploads\/2024\/03\/5829-002b.jpg 655w, https:\/\/wiebke-bader.de\/wp-content\/uploads\/2024\/03\/5829-002b-240x300.jpg 240w, https:\/\/wiebke-bader.de\/wp-content\/uploads\/2024\/03\/5829-002b-10x12.jpg 10w\" sizes=\"auto, (max-width: 655px) 100vw, 655px\" \/><\/figure>\n\n\n\n<p>Wiebke Bader<br><br>Tel.: +49 1525 7688827<br>Mail: info@wiebke-bader.de<\/p>\n<\/div>\n<\/div>","protected":false},"excerpt":{"rendered":"<p>Vielen Dank f\u00fcr Ihr Interesse an meinen Skulpturen. Diese Webseite zeigt eine Auswahl meiner Arbeiten. Sie wird laufend erg\u00e4nzt. Gef\u00e4llt Ihnen eines der gezeigten Werke? M\u00f6chten Sie herausfinden, welche Skulptur zu Ihnen und Ihren R\u00e4umlichkeiten passt? Oder suchen Sie etwas f\u00fcr einen bestimmten Standort? Die hier gezeigten Skulpturen sind sowohl in Originalgr\u00f6\u00dfe als auch in &hellip; <\/p>\n<p class=\"link-more\"><a href=\"https:\/\/wiebke-bader.de\/en\/contact\/\" class=\"more-link\">Continue reading<span class=\"screen-reader-text\"> &#8222;Kontakt&#8220;<\/span><\/a><\/p>","protected":false},"author":1,"featured_media":2325,"parent":0,"menu_order":0,"comment_status":"closed","ping_status":"closed","template":"","meta":{"footnotes":""},"class_list":["post-44","page","type-page","status-publish","has-post-thumbnail","hentry"],"_links":{"self":[{"href":"https:\/\/wiebke-bader.de\/en\/wp-json\/wp\/v2\/pages\/44","targetHints":{"allow":["GET"]}}],"collection":[{"href":"https:\/\/wiebke-bader.de\/en\/wp-json\/wp\/v2\/pages"}],"about":[{"href":"https:\/\/wiebke-bader.de\/en\/wp-json\/wp\/v2\/types\/page"}],"author":[{"embeddable":true,"href":"https:\/\/wiebke-bader.de\/en\/wp-json\/wp\/v2\/users\/1"}],"replies":[{"embeddable":true,"href":"https:\/\/wiebke-bader.de\/en\/wp-json\/wp\/v2\/comments?post=44"}],"version-history":[{"count":74,"href":"https:\/\/wiebke-bader.de\/en\/wp-json\/wp\/v2\/pages\/44\/revisions"}],"predecessor-version":[{"id":2743,"href":"https:\/\/wiebke-bader.de\/en\/wp-json\/wp\/v2\/pages\/44\/revisions\/2743"}],"wp:featuredmedia":[{"embeddable":true,"href":"https:\/\/wiebke-bader.de\/en\/wp-json\/wp\/v2\/media\/2325"}],"wp:attachment":[{"href":"https:\/\/wiebke-bader.de\/en\/wp-json\/wp\/v2\/media?parent=44"}],"curies":[{"name":"wp","href":"https:\/\/api.w.org\/{rel}","templated":true}]}}