{"id":2232,"date":"2025-03-21T21:56:09","date_gmt":"2025-03-21T20:56:09","guid":{"rendered":"https:\/\/wiebke-bader.de\/?page_id=2232"},"modified":"2025-04-29T23:10:28","modified_gmt":"2025-04-29T21:10:28","slug":"originals","status":"publish","type":"page","link":"https:\/\/wiebke-bader.de\/en\/originals\/","title":{"rendered":"Originals"},"content":{"rendered":"<p>Wiebke Bader usually develops her original sculptures as plaster models. Only once the proportions and surface are perfect does she decide on the material and size of the work. The design of the surface, the choice of material, and the color scheme make each piece unique.<\/p>\n\n\n\n<p>These white works have a charm all their own. Similar to <a href=\"https:\/\/wiebke-bader.de\/en\/black-sculptures\/\">black sculptures<\/a> , the works are particularly striking in their simplicity.<\/p>\n\n\n\n<div class=\"wp-block-columns is-layout-flex wp-container-core-columns-is-layout-9d6595d7 wp-block-columns-is-layout-flex\">\n<div class=\"wp-block-column is-layout-flow wp-block-column-is-layout-flow\">\n<figure class=\"wp-block-image size-full\"><img loading=\"lazy\" decoding=\"async\" width=\"400\" height=\"400\" src=\"https:\/\/wiebke-bader.de\/wp-content\/uploads\/2025\/03\/P1130686a_klein.jpg\" alt=\"\" class=\"wp-image-2359\" srcset=\"https:\/\/wiebke-bader.de\/wp-content\/uploads\/2025\/03\/P1130686a_klein.jpg 400w, https:\/\/wiebke-bader.de\/wp-content\/uploads\/2025\/03\/P1130686a_klein-300x300.jpg 300w, https:\/\/wiebke-bader.de\/wp-content\/uploads\/2025\/03\/P1130686a_klein-150x150.jpg 150w, https:\/\/wiebke-bader.de\/wp-content\/uploads\/2025\/03\/P1130686a_klein-12x12.jpg 12w, https:\/\/wiebke-bader.de\/wp-content\/uploads\/2025\/03\/P1130686a_klein-100x100.jpg 100w\" sizes=\"auto, (max-width: 400px) 100vw, 400px\" \/><figcaption class=\"wp-element-caption\">Original<strong> Dancing away<\/strong>, plaster, 50\/31\/37 cm<\/figcaption><\/figure>\n<\/div>\n\n\n\n<div class=\"wp-block-column is-layout-flow wp-block-column-is-layout-flow\">\n<figure class=\"wp-block-image size-full\"><img loading=\"lazy\" decoding=\"async\" width=\"400\" height=\"400\" src=\"https:\/\/wiebke-bader.de\/wp-content\/uploads\/2025\/03\/P1080162a_klein.jpg\" alt=\"\" class=\"wp-image-2360\" srcset=\"https:\/\/wiebke-bader.de\/wp-content\/uploads\/2025\/03\/P1080162a_klein.jpg 400w, https:\/\/wiebke-bader.de\/wp-content\/uploads\/2025\/03\/P1080162a_klein-300x300.jpg 300w, https:\/\/wiebke-bader.de\/wp-content\/uploads\/2025\/03\/P1080162a_klein-150x150.jpg 150w, https:\/\/wiebke-bader.de\/wp-content\/uploads\/2025\/03\/P1080162a_klein-12x12.jpg 12w, https:\/\/wiebke-bader.de\/wp-content\/uploads\/2025\/03\/P1080162a_klein-100x100.jpg 100w\" sizes=\"auto, (max-width: 400px) 100vw, 400px\" \/><figcaption class=\"wp-element-caption\">Original <strong>Two Friends<\/strong>, plaster, approx. 25 cm high<\/figcaption><\/figure>\n<\/div>\n<\/div>\n\n\n\n<div class=\"wp-block-columns is-layout-flex wp-container-core-columns-is-layout-9d6595d7 wp-block-columns-is-layout-flex\">\n<div class=\"wp-block-column is-layout-flow wp-block-column-is-layout-flow\">\n<figure class=\"wp-block-image size-full\"><img loading=\"lazy\" decoding=\"async\" width=\"400\" height=\"400\" src=\"https:\/\/wiebke-bader.de\/wp-content\/uploads\/2025\/03\/P1060746b_klein.jpg\" alt=\"Abstrakte Skulptur, auf drei Spitzen stehend, geschmeidige organische Formen\" class=\"wp-image-2366\" srcset=\"https:\/\/wiebke-bader.de\/wp-content\/uploads\/2025\/03\/P1060746b_klein.jpg 400w, https:\/\/wiebke-bader.de\/wp-content\/uploads\/2025\/03\/P1060746b_klein-300x300.jpg 300w, https:\/\/wiebke-bader.de\/wp-content\/uploads\/2025\/03\/P1060746b_klein-150x150.jpg 150w, https:\/\/wiebke-bader.de\/wp-content\/uploads\/2025\/03\/P1060746b_klein-12x12.jpg 12w, https:\/\/wiebke-bader.de\/wp-content\/uploads\/2025\/03\/P1060746b_klein-100x100.jpg 100w\" sizes=\"auto, (max-width: 400px) 100vw, 400px\" \/><figcaption class=\"wp-element-caption\">Original <strong>A happy day<\/strong>, plaster, 37\/44\/36 cm<\/figcaption><\/figure>\n\n\n\n<figure class=\"wp-block-image size-full\"><img loading=\"lazy\" decoding=\"async\" width=\"400\" height=\"533\" src=\"https:\/\/wiebke-bader.de\/wp-content\/uploads\/2025\/03\/Wiebke_Bader_Leben1_ca.104x49x41cm_klein.jpg\" alt=\"Abstrakte Skulptur bestehend aus einem schmalen Band, das sich auf und ab windet.\" class=\"wp-image-2237\" srcset=\"https:\/\/wiebke-bader.de\/wp-content\/uploads\/2025\/03\/Wiebke_Bader_Leben1_ca.104x49x41cm_klein.jpg 400w, https:\/\/wiebke-bader.de\/wp-content\/uploads\/2025\/03\/Wiebke_Bader_Leben1_ca.104x49x41cm_klein-225x300.jpg 225w, https:\/\/wiebke-bader.de\/wp-content\/uploads\/2025\/03\/Wiebke_Bader_Leben1_ca.104x49x41cm_klein-9x12.jpg 9w\" sizes=\"auto, (max-width: 400px) 100vw, 400px\" \/><figcaption class=\"wp-element-caption\">Original <strong>Life I<\/strong>, plaster, 50\/108\/41 cm<\/figcaption><\/figure>\n<\/div>\n\n\n\n<div class=\"wp-block-column is-layout-flow wp-block-column-is-layout-flow\">\n<figure class=\"wp-block-image size-full\"><img loading=\"lazy\" decoding=\"async\" width=\"400\" height=\"533\" src=\"https:\/\/wiebke-bader.de\/wp-content\/uploads\/2025\/03\/P1100397a_klein.jpg\" alt=\"Abstrakte Skulptur aus Gips mit runden Formen und weich verlaufenden Kanten.\" class=\"wp-image-2367\" srcset=\"https:\/\/wiebke-bader.de\/wp-content\/uploads\/2025\/03\/P1100397a_klein.jpg 400w, https:\/\/wiebke-bader.de\/wp-content\/uploads\/2025\/03\/P1100397a_klein-225x300.jpg 225w, https:\/\/wiebke-bader.de\/wp-content\/uploads\/2025\/03\/P1100397a_klein-9x12.jpg 9w\" sizes=\"auto, (max-width: 400px) 100vw, 400px\" \/><figcaption class=\"wp-element-caption\">Original <strong>Life III<\/strong>, plaster, 42\/100\/44 cm <\/figcaption><\/figure>\n\n\n\n<figure class=\"wp-block-image size-full\"><img loading=\"lazy\" decoding=\"async\" width=\"400\" height=\"400\" src=\"https:\/\/wiebke-bader.de\/wp-content\/uploads\/2025\/03\/P1100956a_klein.jpg\" alt=\"Zwei abstrakte Skulpturen im Gespr\u00e4ch\" class=\"wp-image-2368\" srcset=\"https:\/\/wiebke-bader.de\/wp-content\/uploads\/2025\/03\/P1100956a_klein.jpg 400w, https:\/\/wiebke-bader.de\/wp-content\/uploads\/2025\/03\/P1100956a_klein-300x300.jpg 300w, https:\/\/wiebke-bader.de\/wp-content\/uploads\/2025\/03\/P1100956a_klein-150x150.jpg 150w, https:\/\/wiebke-bader.de\/wp-content\/uploads\/2025\/03\/P1100956a_klein-12x12.jpg 12w, https:\/\/wiebke-bader.de\/wp-content\/uploads\/2025\/03\/P1100956a_klein-100x100.jpg 100w\" sizes=\"auto, (max-width: 400px) 100vw, 400px\" \/><figcaption class=\"wp-element-caption\">Original <strong>The great emptiness and the small joy<\/strong>, plaster, approx. 40\/24\/18 and 36\/29\/25 cm<\/figcaption><\/figure>\n<\/div>\n<\/div>\n\n\n\n<div class=\"wp-block-columns is-layout-flex wp-container-core-columns-is-layout-9d6595d7 wp-block-columns-is-layout-flex\">\n<div class=\"wp-block-column is-layout-flow wp-block-column-is-layout-flow\">\n<figure class=\"wp-block-image size-full\"><img loading=\"lazy\" decoding=\"async\" width=\"400\" height=\"533\" src=\"https:\/\/wiebke-bader.de\/wp-content\/uploads\/2025\/03\/P1050749_klein.jpg\" alt=\"Abstrakte Skulptur mit runden Formen und zwei Spitzen aus Gips.\" class=\"wp-image-2361\" srcset=\"https:\/\/wiebke-bader.de\/wp-content\/uploads\/2025\/03\/P1050749_klein.jpg 400w, https:\/\/wiebke-bader.de\/wp-content\/uploads\/2025\/03\/P1050749_klein-225x300.jpg 225w, https:\/\/wiebke-bader.de\/wp-content\/uploads\/2025\/03\/P1050749_klein-9x12.jpg 9w\" sizes=\"auto, (max-width: 400px) 100vw, 400px\" \/><figcaption class=\"wp-element-caption\">Original <strong>Two Points<\/strong>, plaster, approx. 38\/28\/31 cm<\/figcaption><\/figure>\n\n\n\n<figure class=\"wp-block-image size-full\"><img loading=\"lazy\" decoding=\"async\" width=\"400\" height=\"400\" src=\"https:\/\/wiebke-bader.de\/wp-content\/uploads\/2025\/03\/P1090996a_klein.jpg\" alt=\"Zwei abstracte Skulpturen mit glatter Oberfl\u00e4che und sanft geschwungenen Linien.\" class=\"wp-image-2365\" srcset=\"https:\/\/wiebke-bader.de\/wp-content\/uploads\/2025\/03\/P1090996a_klein.jpg 400w, https:\/\/wiebke-bader.de\/wp-content\/uploads\/2025\/03\/P1090996a_klein-300x300.jpg 300w, https:\/\/wiebke-bader.de\/wp-content\/uploads\/2025\/03\/P1090996a_klein-150x150.jpg 150w, https:\/\/wiebke-bader.de\/wp-content\/uploads\/2025\/03\/P1090996a_klein-12x12.jpg 12w, https:\/\/wiebke-bader.de\/wp-content\/uploads\/2025\/03\/P1090996a_klein-100x100.jpg 100w\" sizes=\"auto, (max-width: 400px) 100vw, 400px\" \/><figcaption class=\"wp-element-caption\">Original <strong>Paar (III)<\/strong>, plaster, approx. 23 cm high<\/figcaption><\/figure>\n<\/div>\n\n\n\n<div class=\"wp-block-column is-layout-flow wp-block-column-is-layout-flow\">\n<figure class=\"wp-block-image size-full\"><img loading=\"lazy\" decoding=\"async\" width=\"400\" height=\"400\" src=\"https:\/\/wiebke-bader.de\/wp-content\/uploads\/2025\/03\/P1120804_klein.jpg\" alt=\"Abstraktes Skulpturenpaar mit runden Formen und sanft geschwungenen Kanten\" class=\"wp-image-2364\" srcset=\"https:\/\/wiebke-bader.de\/wp-content\/uploads\/2025\/03\/P1120804_klein.jpg 400w, https:\/\/wiebke-bader.de\/wp-content\/uploads\/2025\/03\/P1120804_klein-300x300.jpg 300w, https:\/\/wiebke-bader.de\/wp-content\/uploads\/2025\/03\/P1120804_klein-150x150.jpg 150w, https:\/\/wiebke-bader.de\/wp-content\/uploads\/2025\/03\/P1120804_klein-12x12.jpg 12w, https:\/\/wiebke-bader.de\/wp-content\/uploads\/2025\/03\/P1120804_klein-100x100.jpg 100w\" sizes=\"auto, (max-width: 400px) 100vw, 400px\" \/><figcaption class=\"wp-element-caption\">Original <strong>Strong couple,<\/strong> plaster, approx. 40 cm high<\/figcaption><\/figure>\n\n\n\n<figure class=\"wp-block-image size-full\"><img loading=\"lazy\" decoding=\"async\" width=\"400\" height=\"533\" src=\"https:\/\/wiebke-bader.de\/wp-content\/uploads\/2025\/03\/P1120675a_klein.jpg\" alt=\"Abstrakte Skulptur mit runden Formen und einem ovalen Durchbruch\" class=\"wp-image-2363\" srcset=\"https:\/\/wiebke-bader.de\/wp-content\/uploads\/2025\/03\/P1120675a_klein.jpg 400w, https:\/\/wiebke-bader.de\/wp-content\/uploads\/2025\/03\/P1120675a_klein-225x300.jpg 225w, https:\/\/wiebke-bader.de\/wp-content\/uploads\/2025\/03\/P1120675a_klein-9x12.jpg 9w\" sizes=\"auto, (max-width: 400px) 100vw, 400px\" \/><figcaption class=\"wp-element-caption\">Original <strong>Panta rhei<\/strong>, plaster, 37\/63\/27 cm<\/figcaption><\/figure>\n\n\n\n<figure class=\"wp-block-image size-full\"><img loading=\"lazy\" decoding=\"async\" width=\"400\" height=\"533\" src=\"https:\/\/wiebke-bader.de\/wp-content\/uploads\/2025\/04\/P1140466a_klein.jpg\" alt=\"geschwungene S\u00e4ule, die im oberen Drittel in etlichen Schlaufen m\u00e4nadert, bevor sie sie sich wieder senkrecht ausrichtet.\" class=\"wp-image-2717\" srcset=\"https:\/\/wiebke-bader.de\/wp-content\/uploads\/2025\/04\/P1140466a_klein.jpg 400w, https:\/\/wiebke-bader.de\/wp-content\/uploads\/2025\/04\/P1140466a_klein-225x300.jpg 225w, https:\/\/wiebke-bader.de\/wp-content\/uploads\/2025\/04\/P1140466a_klein-9x12.jpg 9w\" sizes=\"auto, (max-width: 400px) 100vw, 400px\" \/><figcaption class=\"wp-element-caption\">Original <strong>Vertikal<\/strong>, 130 cm hoch<\/figcaption><\/figure>\n<\/div>\n<\/div>\n\n\n\n<div class=\"wp-block-buttons is-layout-flex wp-block-buttons-is-layout-flex\">\n<div class=\"wp-block-button\"><a class=\"wp-block-button__link wp-element-button\" href=\"https:\/\/wiebke-bader.de\/en\/bronze\/\">Bronze sculptures<\/a><\/div>\n<\/div>\n\n\n\n<p><\/p>","protected":false},"excerpt":{"rendered":"<p>Die Originale der Skulpturen entwickelt Wiebke Bader meist als Gipsmodelle. Erst wenn Proportionen und Oberfl\u00e4che stimmen, entscheidet sich, in welchem Material und in welcher Gr\u00f6\u00dfe die Arbeit realisiert werden soll. Durch die Gestaltung der Oberfl\u00e4che, die Wahl des Materials und die Farbigkeit wird jedes St\u00fcck zu einem Unikat. Diese wei\u00dfen Werke haben einen ganz eigenen &hellip; <\/p>\n<p class=\"link-more\"><a href=\"https:\/\/wiebke-bader.de\/en\/originals\/\" class=\"more-link\">Continue reading<span class=\"screen-reader-text\"> &#8222;Originale&#8220;<\/span><\/a><\/p>","protected":false},"author":1,"featured_media":0,"parent":0,"menu_order":0,"comment_status":"closed","ping_status":"closed","template":"","meta":{"footnotes":""},"class_list":["post-2232","page","type-page","status-publish","hentry"],"_links":{"self":[{"href":"https:\/\/wiebke-bader.de\/en\/wp-json\/wp\/v2\/pages\/2232","targetHints":{"allow":["GET"]}}],"collection":[{"href":"https:\/\/wiebke-bader.de\/en\/wp-json\/wp\/v2\/pages"}],"about":[{"href":"https:\/\/wiebke-bader.de\/en\/wp-json\/wp\/v2\/types\/page"}],"author":[{"embeddable":true,"href":"https:\/\/wiebke-bader.de\/en\/wp-json\/wp\/v2\/users\/1"}],"replies":[{"embeddable":true,"href":"https:\/\/wiebke-bader.de\/en\/wp-json\/wp\/v2\/comments?post=2232"}],"version-history":[{"count":12,"href":"https:\/\/wiebke-bader.de\/en\/wp-json\/wp\/v2\/pages\/2232\/revisions"}],"predecessor-version":[{"id":2718,"href":"https:\/\/wiebke-bader.de\/en\/wp-json\/wp\/v2\/pages\/2232\/revisions\/2718"}],"wp:attachment":[{"href":"https:\/\/wiebke-bader.de\/en\/wp-json\/wp\/v2\/media?parent=2232"}],"curies":[{"name":"wp","href":"https:\/\/api.w.org\/{rel}","templated":true}]}}