{"id":19,"date":"2019-02-20T17:57:30","date_gmt":"2019-02-20T16:57:30","guid":{"rendered":"http:\/\/wiebke-bader.de\/?page_id=19"},"modified":"2026-02-22T13:17:26","modified_gmt":"2026-02-22T12:17:26","slug":"ueber-mich","status":"publish","type":"page","link":"https:\/\/wiebke-bader.de\/en\/ueber-mich\/","title":{"rendered":"Artist"},"content":{"rendered":"\n<p>&#8222;Wenn man Wiebke Baders Werke betrachtet, gewinnt man sehr stark den Eindruck, dass es sich hier um eine starke Neugierde, geradezu Experimentierfreude handelt. Es sieht nach dem Wunsch aus, den Dingen auf den Grund zu gehen, den Materialien nachzusp\u00fcren, ihre Besonderheiten zu entdecken und diese in einer Form auszuarbeiten. [&#8230;] F\u00fcr den Betrachtenden ist es spannend, sich mit dieser Neugierde der K\u00fcnstlerin mitrei\u00dfen und anstecken zu lassen.&#8220; <br>Ruth Hansmann, Kunsthistorikerin<\/p>\n\n\n<div class=\"wp-block-image\">\n<figure class=\"aligncenter size-full\"><a href=\"https:\/\/www.youtube.com\/watch?v=2f056_wGyxI\" target=\"_blank\" rel=\" noreferrer noopener\"><img loading=\"lazy\" decoding=\"async\" width=\"800\" height=\"451\" src=\"https:\/\/wiebke-bader.de\/wp-content\/uploads\/2025\/03\/250311_BW_YouTube_Thumbnail_Wiebke-Bader_mit-play-Dreieck.jpg\" alt=\"\" class=\"wp-image-2483\" srcset=\"https:\/\/wiebke-bader.de\/wp-content\/uploads\/2025\/03\/250311_BW_YouTube_Thumbnail_Wiebke-Bader_mit-play-Dreieck.jpg 800w, https:\/\/wiebke-bader.de\/wp-content\/uploads\/2025\/03\/250311_BW_YouTube_Thumbnail_Wiebke-Bader_mit-play-Dreieck-300x169.jpg 300w, https:\/\/wiebke-bader.de\/wp-content\/uploads\/2025\/03\/250311_BW_YouTube_Thumbnail_Wiebke-Bader_mit-play-Dreieck-768x433.jpg 768w, https:\/\/wiebke-bader.de\/wp-content\/uploads\/2025\/03\/250311_BW_YouTube_Thumbnail_Wiebke-Bader_mit-play-Dreieck-18x10.jpg 18w\" sizes=\"auto, (max-width: 767px) 89vw, (max-width: 1000px) 54vw, (max-width: 1071px) 543px, 580px\" \/><\/a><figcaption class=\"wp-element-caption\"><strong>Link zum youtube-Video \u201eIch \u00fcberlege mit den H\u00e4nden\u201c <\/strong>(2:42 min), \u00a9 www.benediktwalther.com<\/figcaption><\/figure>\n<\/div>\n\n\n<p><\/p>\n\n\n\n<h2 class=\"wp-block-heading\"><strong>Vita<\/strong><\/h2>\n\n\n\n<ul class=\"wp-block-list\">\n<li>Aufgewachsen in Bielefeld, Westfalen.<\/li>\n\n\n\n<li>Ausbildung zur Tischlerin. 1. Preis f\u00fcr das Gesellenst\u00fcck beim Wettbewerb <em>Die gute Form<\/em>.<\/li>\n\n\n\n<li>Studium der Architektur an der Technischen Universit\u00e4t Braunschweig. Auszeichnung f\u00fcr hervorragende Studienleistungen und Aufnahme in die Studienstiftung des deutschen Volkes.<\/li>\n\n\n\n<li>Diplom-Ingenieurin der Architektur.<\/li>\n\n\n\n<li>Seit 2014 freischaffende Bildhauerin. Mitglied im Bundesverband Bildender K\u00fcnstler.<\/li>\n\n\n\n<li>2021 Stipendium der Stiftung Kulturwerk<\/li>\n\n\n\n<li>Lebt und arbeitet im Schwabenl\u00e4ndle.<\/li>\n<\/ul>\n\n\n\n<div class=\"wp-block-columns is-layout-flex wp-container-core-columns-is-layout-9d6595d7 wp-block-columns-is-layout-flex\">\n<div class=\"wp-block-column is-layout-flow wp-block-column-is-layout-flow\">\n<figure class=\"wp-block-image size-full\"><img loading=\"lazy\" decoding=\"async\" width=\"800\" height=\"800\" src=\"https:\/\/wiebke-bader.de\/wp-content\/uploads\/2024\/03\/w20190208_101505klein.jpg\" alt=\"The artist, working on the clay model of the sculpture Moving.\" class=\"wp-image-1563\" srcset=\"https:\/\/wiebke-bader.de\/wp-content\/uploads\/2024\/03\/w20190208_101505klein.jpg 800w, https:\/\/wiebke-bader.de\/wp-content\/uploads\/2024\/03\/w20190208_101505klein-300x300.jpg 300w, https:\/\/wiebke-bader.de\/wp-content\/uploads\/2024\/03\/w20190208_101505klein-150x150.jpg 150w, https:\/\/wiebke-bader.de\/wp-content\/uploads\/2024\/03\/w20190208_101505klein-768x768.jpg 768w, https:\/\/wiebke-bader.de\/wp-content\/uploads\/2024\/03\/w20190208_101505klein-12x12.jpg 12w, https:\/\/wiebke-bader.de\/wp-content\/uploads\/2024\/03\/w20190208_101505klein-100x100.jpg 100w\" sizes=\"auto, (max-width: 767px) 89vw, (max-width: 1000px) 54vw, (max-width: 1071px) 543px, 580px\" \/><figcaption class=\"wp-element-caption\">Arbeit an der Skulptur  Bewegt<\/figcaption><\/figure>\n<\/div>\n\n\n\n<div class=\"wp-block-column is-layout-flow wp-block-column-is-layout-flow\">\n<figure class=\"wp-block-image size-full\"><img loading=\"lazy\" decoding=\"async\" width=\"800\" height=\"800\" src=\"https:\/\/wiebke-bader.de\/wp-content\/uploads\/2024\/03\/w20201102_201641klein.jpg\" alt=\"The artist, working on the the sculpture Three round forms.\" class=\"wp-image-1565\" srcset=\"https:\/\/wiebke-bader.de\/wp-content\/uploads\/2024\/03\/w20201102_201641klein.jpg 800w, https:\/\/wiebke-bader.de\/wp-content\/uploads\/2024\/03\/w20201102_201641klein-300x300.jpg 300w, https:\/\/wiebke-bader.de\/wp-content\/uploads\/2024\/03\/w20201102_201641klein-150x150.jpg 150w, https:\/\/wiebke-bader.de\/wp-content\/uploads\/2024\/03\/w20201102_201641klein-768x768.jpg 768w, https:\/\/wiebke-bader.de\/wp-content\/uploads\/2024\/03\/w20201102_201641klein-12x12.jpg 12w, https:\/\/wiebke-bader.de\/wp-content\/uploads\/2024\/03\/w20201102_201641klein-100x100.jpg 100w\" sizes=\"auto, (max-width: 767px) 89vw, (max-width: 1000px) 54vw, (max-width: 1071px) 543px, 580px\" \/><figcaption class=\"wp-element-caption\">Arbeit an Drei runde Formen<\/figcaption><\/figure>\n<\/div>\n\n\n\n<div class=\"wp-block-column is-layout-flow wp-block-column-is-layout-flow\">\n<figure class=\"wp-block-image size-full\"><img loading=\"lazy\" decoding=\"async\" width=\"800\" height=\"800\" src=\"https:\/\/wiebke-bader.de\/wp-content\/uploads\/2024\/03\/w20210303_124846klein.jpg\" alt=\"The artist, working on the plaster model of the sculpture In Harmony.\" class=\"wp-image-1566\" srcset=\"https:\/\/wiebke-bader.de\/wp-content\/uploads\/2024\/03\/w20210303_124846klein.jpg 800w, https:\/\/wiebke-bader.de\/wp-content\/uploads\/2024\/03\/w20210303_124846klein-300x300.jpg 300w, https:\/\/wiebke-bader.de\/wp-content\/uploads\/2024\/03\/w20210303_124846klein-150x150.jpg 150w, https:\/\/wiebke-bader.de\/wp-content\/uploads\/2024\/03\/w20210303_124846klein-768x768.jpg 768w, https:\/\/wiebke-bader.de\/wp-content\/uploads\/2024\/03\/w20210303_124846klein-12x12.jpg 12w, https:\/\/wiebke-bader.de\/wp-content\/uploads\/2024\/03\/w20210303_124846klein-100x100.jpg 100w\" sizes=\"auto, (max-width: 767px) 89vw, (max-width: 1000px) 54vw, (max-width: 1071px) 543px, 580px\" \/><figcaption class=\"wp-element-caption\">Arbeit an <a href=\"https:\/\/wiebke-bader.de\/bronzeskulptur-im-einklang\/\">Im Einklang<\/a><\/figcaption><\/figure>\n<\/div>\n<\/div>\n\n\n\n<h2 class=\"wp-block-heading\"><strong>Kommende Ausstellungen<\/strong><\/h2>\n\n\n\n<p>gro\u00dfARTig &#8211; Generationen im Dialog, BEGE Galerien, Ulm, 27. Februar &#8211; 28. M\u00e4rz 2026 (Beteiligung)<\/p>\n\n\n\n<p><a href=\"https:\/\/www.ellwangen2026.de\/skulpturenpfad-auf-der-landesgartenschau-ellwangen\/\" target=\"_blank\" rel=\"noreferrer noopener\">Skulpturenpfad<\/a> auf der Landesgartenschau Ellwangen, April &#8211; Oktober 2026 (Beteiligung)<\/p>\n\n\n\n<p>Kunstcontainer auf der Landesgartenschau Ellwangen, 11. &#8211; 17. Mai 2026<\/p>\n\n\n\n<p>Gm\u00fcnder Kunstverein, <a href=\"https:\/\/usercontent.one\/wp\/www.gmuender-kunstverein.de\/wp-content\/uploads\/2025\/11\/GKV-vorschau-2026-2.pdf\" target=\"_blank\" rel=\"noreferrer noopener\">Wiebke Bader &#8211; Skulpturen<\/a>, 13. Nov. 2026 &#8211; 10. Jan. 2027<\/p>\n\n\n\n<p><strong>M\u00f6chten Sie zu Ausstellungen in Ihrer N\u00e4he eingeladen werden? <\/strong><br>Schreiben Sie einfach eine Email an <strong>info@wiebke-bader.de<\/strong> mit dem Betreff &#8222;Bitte zu Ausstellungen einladen&#8220;.<\/p>\n\n\n\n<h2 class=\"wp-block-heading\"><strong>Vergangene Ausstellungen<\/strong> (Auswahl)<\/h2>\n\n\n\n<figure class=\"wp-block-image size-full\"><img loading=\"lazy\" decoding=\"async\" width=\"1000\" height=\"750\" src=\"https:\/\/wiebke-bader.de\/wp-content\/uploads\/2023\/12\/P1120480ak.png\" alt=\"Bronze Skulpturen in der Mainzer Kunst Galerie 2023\" class=\"wp-image-1468\" srcset=\"https:\/\/wiebke-bader.de\/wp-content\/uploads\/2023\/12\/P1120480ak.png 1000w, https:\/\/wiebke-bader.de\/wp-content\/uploads\/2023\/12\/P1120480ak-300x225.png 300w, https:\/\/wiebke-bader.de\/wp-content\/uploads\/2023\/12\/P1120480ak-768x576.png 768w, https:\/\/wiebke-bader.de\/wp-content\/uploads\/2023\/12\/P1120480ak-16x12.png 16w\" sizes=\"auto, (max-width: 767px) 89vw, (max-width: 1000px) 54vw, (max-width: 1071px) 543px, 580px\" \/><figcaption class=\"wp-element-caption\">Mainzer Kunst Galerie 2023<\/figcaption><\/figure>\n\n\n\n<p><strong>Einzelausstellungen<\/strong>:<br>2025 <a href=\"https:\/\/www.schwaebische-post.de\/ostalb\/ostalb-kultur\/vom-suchen-und-finden-wenn-kunst-in-aalen-zum-gefuehl-wird-94019126.html\" target=\"_blank\" rel=\"noreferrer noopener\">Rathausgalerie Aalen<\/a> (mit Jessica R\u00fchmann)<br>2024 <a href=\"https:\/\/www.ostalbkreis.de\/sixcms\/detail.php?_topnav=38&amp;_sub1=163&amp;_sub2=140774&amp;id=375853\" target=\"_blank\" rel=\"noreferrer noopener\">Landratsamt Ostalbkreis<\/a>, Aalen <br>2023 <a href=\"https:\/\/kulturkreis-grafenau.de\/\" target=\"_blank\" rel=\"noreferrer noopener\">Kulturkreis Grafenau<\/a>, Schlo\u00df D\u00e4tzingen (mit Ursula Donn)<br>2023 <a href=\"https:\/\/galerie-ruetz.de\/ausstellungen\/wiebke-bader-2023\/\" target=\"_blank\" rel=\"noreferrer noopener\">Galerie an der Pinakothek der Moderne<\/a>, M\u00fcnchen (mit Jaemin Lee)<br>2023 <a href=\"https:\/\/www.mainzer-kunstgalerie.de\/\" target=\"_blank\" rel=\"noreferrer noopener\">Mainzer Kunst Galerie<\/a><br><br><strong>Kunstmessen<\/strong>:<br>2026 <a href=\"https:\/\/frockgallery.com\/de\/ausstellungen\/affordable-art-fair-brussels-2026\" target=\"_blank\" rel=\"noreferrer noopener\">Affordable Art Fair Br\u00fcssel,<\/a> Belgien<br>2025 <a href=\"https:\/\/ausstellerverzeichnis.art-karlsruhe.de\/vis\/v1\/de\/exhibitors\/art25.93048\" target=\"_blank\" rel=\"noreferrer noopener\">Art Karlsruhe<\/a><br>2025 <a href=\"https:\/\/affordableartfair.com\/fairs\/brussels\/\" target=\"_blank\" rel=\"noreferrer noopener\">Affordable Art Fair Br\u00fcssel<\/a>, Belgien<br>2023 <a href=\"https:\/\/affordableartfair.com\/\">Afford<\/a><a href=\"https:\/\/affordableartfair.com\/\" target=\"_blank\" rel=\"noreferrer noopener\">able Art Fair<\/a> Hamburg<br>2023 <a href=\"http:\/\/www.kunstrai.nl\/en\/\" target=\"_blank\" rel=\"noreferrer noopener\">KUNST RAI ART Amsterdam<\/a>, Niederlande<br>2022 <a href=\"https:\/\/www.affordableartfair.com\/fairs\/brussels\/\" target=\"_blank\" rel=\"noreferrer noopener\">Affordable Art Fair Br\u00fcssel<\/a>, Belgien<br><br><strong>Internationale und sonstige Ausstellungen<\/strong>:<br>2025 <a href=\"https:\/\/www.bbk-ingolstadt.de\/kunstwechsel-die-ulmer-kommen\/\" target=\"_blank\" rel=\"noreferrer noopener\">Galerie in der Harderbastei<\/a>, Ingolstadt<br>2024 <a href=\"https:\/\/www.artequadra.be\/\" target=\"_blank\" rel=\"noreferrer noopener\">ArteQuadra<\/a>, Arlon, Belgien<br>2024 <a href=\"https:\/\/justbee.art\/de\/\" target=\"_blank\" rel=\"noreferrer noopener\">Galerie JustBEE<\/a>, Masevaux, Frankreich<br>2023 <a href=\"https:\/\/www.artequadra.be\/\">ArteQuadra<\/a>, Belgien<br>2022 <a href=\"https:\/\/www.kuenstlerhaus-ulm.de\/termine\/\" target=\"_blank\" rel=\"noreferrer noopener\">members only 04<\/a>, BBK Ulm<br>2021 <a href=\"http:\/\/www.bbk-westfalen.de\/index.html\" target=\"_blank\" rel=\"noreferrer noopener\">die NEUEN im BBK Westfalen<\/a>, Dortmund<br>2021 <a href=\"https:\/\/www.biwaq-gmuend.de\/gmuend-macht-kunst\/\" target=\"_blank\" rel=\"noreferrer noopener\">Gm\u00fcnd macht Kunst<\/a>, Schw\u00e4bisch Gm\u00fcnd<br>2020 <a href=\"http:\/\/www.sculptorsalliance.org\/on-being\" target=\"_blank\" rel=\"noreferrer noopener\">On being<\/a>, Sculptors Alliance, New York (kuratierte Online-Ausstellung)<\/p>\n\n\n\n<p><strong>Werke im \u00f6ffentlichen Besitz:<\/strong><br>Kunstsammlung der Stadt Aalen<br>Kunstsammlung Landratsamt Ostalbkreis<\/p>\n\n\n\n<h2 class=\"wp-block-heading\"><strong>Vision<\/strong><\/h2>\n\n\n\n<figure class=\"wp-block-image size-large\"><img loading=\"lazy\" decoding=\"async\" width=\"1024\" height=\"765\" src=\"https:\/\/wiebke-bader.de\/wp-content\/uploads\/2025\/04\/Audimax-vergr.1200-1024x765.jpg\" alt=\"\" class=\"wp-image-2581\" srcset=\"https:\/\/wiebke-bader.de\/wp-content\/uploads\/2025\/04\/Audimax-vergr.1200-1024x765.jpg 1024w, https:\/\/wiebke-bader.de\/wp-content\/uploads\/2025\/04\/Audimax-vergr.1200-300x224.jpg 300w, https:\/\/wiebke-bader.de\/wp-content\/uploads\/2025\/04\/Audimax-vergr.1200-768x574.jpg 768w, https:\/\/wiebke-bader.de\/wp-content\/uploads\/2025\/04\/Audimax-vergr.1200-16x12.jpg 16w, https:\/\/wiebke-bader.de\/wp-content\/uploads\/2025\/04\/Audimax-vergr.1200.jpg 1200w\" sizes=\"auto, (max-width: 767px) 89vw, (max-width: 1000px) 54vw, (max-width: 1071px) 543px, 580px\" \/><figcaption class=\"wp-element-caption\"><strong>Bogen I<\/strong> vor dem Audimax der Hochschule Aalen<\/figcaption><\/figure>\n\n\n\n<p id=\"block-d4bfe8ab-38b3-4abe-9532-5dc0cad24686\">Wiebke Bader formt Skulpturen, die gleichzeitig Modelle f\u00fcr gr\u00f6\u00dfere Arbeiten sind. \u00dcberlebensgro\u00df k\u00f6nnten sie im \u00f6ffentlichen Raum stehen oder in weitl\u00e4ufigen G\u00e4rten einen H\u00f6hepunkt setzen.<\/p>\n\n\n\n<p id=\"block-80d62c9a-879b-4b1f-9cf4-85d0e23db21b\"><\/p>\n","protected":false},"excerpt":{"rendered":"<p>&#8222;Wenn man Wiebke Baders Werke betrachtet, gewinnt man sehr stark den Eindruck, dass es sich hier um eine starke Neugierde, geradezu Experimentierfreude handelt. Es sieht nach dem Wunsch aus, den Dingen auf den Grund zu gehen, den Materialien nachzusp\u00fcren, ihre Besonderheiten zu entdecken und diese in einer Form auszuarbeiten. [&#8230;] F\u00fcr den Betrachtenden ist es &hellip; <\/p>\n<p class=\"link-more\"><a href=\"https:\/\/wiebke-bader.de\/en\/ueber-mich\/\" class=\"more-link\">Continue reading<span class=\"screen-reader-text\"> &#8222;K\u00fcnstlerin&#8220;<\/span><\/a><\/p>\n","protected":false},"author":1,"featured_media":0,"parent":0,"menu_order":0,"comment_status":"closed","ping_status":"closed","template":"","meta":{"footnotes":""},"class_list":["post-19","page","type-page","status-publish","hentry"],"_links":{"self":[{"href":"https:\/\/wiebke-bader.de\/en\/wp-json\/wp\/v2\/pages\/19","targetHints":{"allow":["GET"]}}],"collection":[{"href":"https:\/\/wiebke-bader.de\/en\/wp-json\/wp\/v2\/pages"}],"about":[{"href":"https:\/\/wiebke-bader.de\/en\/wp-json\/wp\/v2\/types\/page"}],"author":[{"embeddable":true,"href":"https:\/\/wiebke-bader.de\/en\/wp-json\/wp\/v2\/users\/1"}],"replies":[{"embeddable":true,"href":"https:\/\/wiebke-bader.de\/en\/wp-json\/wp\/v2\/comments?post=19"}],"version-history":[{"count":229,"href":"https:\/\/wiebke-bader.de\/en\/wp-json\/wp\/v2\/pages\/19\/revisions"}],"predecessor-version":[{"id":2898,"href":"https:\/\/wiebke-bader.de\/en\/wp-json\/wp\/v2\/pages\/19\/revisions\/2898"}],"wp:attachment":[{"href":"https:\/\/wiebke-bader.de\/en\/wp-json\/wp\/v2\/media?parent=19"}],"curies":[{"name":"wp","href":"https:\/\/api.w.org\/{rel}","templated":true}]}}