{"id":18,"date":"2019-02-20T17:57:30","date_gmt":"2019-02-20T16:57:30","guid":{"rendered":"http:\/\/wiebke-bader.de\/?page_id=18"},"modified":"2026-01-01T20:57:05","modified_gmt":"2026-01-01T19:57:05","slug":"work","status":"publish","type":"page","link":"https:\/\/wiebke-bader.de\/en\/work\/","title":{"rendered":"Work"},"content":{"rendered":"<p><br>\"Wiebke Bader's works invite us to look at them in depth; they practically seduce us to explore their bumps and hollows, to enjoy the play of light and shadow in the various surfaces and materials. Our gaze follows the rising and falling volumes, the foreground and background, and the openings in between. Often, the surprised gaze then ends in a pointed end or gets lost in the eternally circling circle. Despite the different materials, the objects speak an individual, unmistakable formal language in their flowing depiction of bodies and movement.\"<br>Ruth Hansmann, art historian<\/p>\n\n\n\n<h2 class=\"wp-block-heading\"><strong>Bronze<\/strong><\/h2>\n\n\n\n<div class=\"wp-block-columns is-layout-flex wp-container-core-columns-is-layout-9d6595d7 wp-block-columns-is-layout-flex\">\n<div class=\"wp-block-column is-layout-flow wp-block-column-is-layout-flow\">\n<figure class=\"wp-block-image size-full\"><img loading=\"lazy\" decoding=\"async\" width=\"400\" height=\"400\" src=\"https:\/\/wiebke-bader.de\/wp-content\/uploads\/2025\/03\/P1040487.jpg\" alt=\"Abstract bronze sculpture with round forms and a golden shining surface.\" class=\"wp-image-2300\" srcset=\"https:\/\/wiebke-bader.de\/wp-content\/uploads\/2025\/03\/P1040487.jpg 400w, https:\/\/wiebke-bader.de\/wp-content\/uploads\/2025\/03\/P1040487-300x300.jpg 300w, https:\/\/wiebke-bader.de\/wp-content\/uploads\/2025\/03\/P1040487-150x150.jpg 150w, https:\/\/wiebke-bader.de\/wp-content\/uploads\/2025\/03\/P1040487-12x12.jpg 12w, https:\/\/wiebke-bader.de\/wp-content\/uploads\/2025\/03\/P1040487-100x100.jpg 100w\" sizes=\"auto, (max-width: 400px) 100vw, 400px\" \/><\/figure>\n\n\n\n<figure class=\"wp-block-image size-full\"><img loading=\"lazy\" decoding=\"async\" width=\"500\" height=\"667\" src=\"https:\/\/wiebke-bader.de\/wp-content\/uploads\/2024\/11\/P1130197_.jpg\" alt=\"Two corresponding bronze figures, matt gold patinated with smooth surfaces and soft edges.\" class=\"wp-image-1863\" srcset=\"https:\/\/wiebke-bader.de\/wp-content\/uploads\/2024\/11\/P1130197_.jpg 500w, https:\/\/wiebke-bader.de\/wp-content\/uploads\/2024\/11\/P1130197_-225x300.jpg 225w, https:\/\/wiebke-bader.de\/wp-content\/uploads\/2024\/11\/P1130197_-9x12.jpg 9w\" sizes=\"auto, (max-width: 500px) 100vw, 500px\" \/><\/figure>\n<\/div>\n\n\n\n<div class=\"wp-block-column is-layout-flow wp-block-column-is-layout-flow\">\n<figure class=\"wp-block-image size-full\"><img loading=\"lazy\" decoding=\"async\" width=\"400\" height=\"533\" src=\"https:\/\/wiebke-bader.de\/wp-content\/uploads\/2025\/03\/Wiebke_Bader_Oval_37x63x27cm_Acrylicone_und_Kupfer_klein.jpg\" alt=\"Abstrakte Skulptur mit runden Formen und einem ovalen Durchbruch, gr\u00fcn patiniert.\" class=\"wp-image-2422\" srcset=\"https:\/\/wiebke-bader.de\/wp-content\/uploads\/2025\/03\/Wiebke_Bader_Oval_37x63x27cm_Acrylicone_und_Kupfer_klein.jpg 400w, https:\/\/wiebke-bader.de\/wp-content\/uploads\/2025\/03\/Wiebke_Bader_Oval_37x63x27cm_Acrylicone_und_Kupfer_klein-225x300.jpg 225w, https:\/\/wiebke-bader.de\/wp-content\/uploads\/2025\/03\/Wiebke_Bader_Oval_37x63x27cm_Acrylicone_und_Kupfer_klein-9x12.jpg 9w\" sizes=\"auto, (max-width: 400px) 100vw, 400px\" \/><\/figure>\n\n\n\n<figure class=\"wp-block-image size-full\"><img loading=\"lazy\" decoding=\"async\" width=\"400\" height=\"400\" src=\"https:\/\/wiebke-bader.de\/wp-content\/uploads\/2025\/03\/P1040541.jpg\" alt=\"\" class=\"wp-image-2302\" srcset=\"https:\/\/wiebke-bader.de\/wp-content\/uploads\/2025\/03\/P1040541.jpg 400w, https:\/\/wiebke-bader.de\/wp-content\/uploads\/2025\/03\/P1040541-300x300.jpg 300w, https:\/\/wiebke-bader.de\/wp-content\/uploads\/2025\/03\/P1040541-150x150.jpg 150w, https:\/\/wiebke-bader.de\/wp-content\/uploads\/2025\/03\/P1040541-12x12.jpg 12w, https:\/\/wiebke-bader.de\/wp-content\/uploads\/2025\/03\/P1040541-100x100.jpg 100w\" sizes=\"auto, (max-width: 400px) 100vw, 400px\" \/><\/figure>\n<\/div>\n<\/div>\n\n\n\n<div class=\"wp-block-buttons is-layout-flex wp-block-buttons-is-layout-flex\">\n<div class=\"wp-block-button\"><a class=\"wp-block-button__link has-black-background-color has-background has-custom-font-size wp-element-button\" href=\"https:\/\/wiebke-bader.de\/en\/bronze\/\" style=\"font-size:16px\">more bronze sculptures<\/a><\/div>\n<\/div>\n\n\n\n<h2 class=\"wp-block-heading\"><strong>Black<\/strong><\/h2>\n\n\n\n<div class=\"wp-block-columns is-layout-flex wp-container-core-columns-is-layout-9d6595d7 wp-block-columns-is-layout-flex\">\n<div class=\"wp-block-column is-layout-flow wp-block-column-is-layout-flow\">\n<figure class=\"wp-block-image size-full\"><img loading=\"lazy\" decoding=\"async\" width=\"1814\" height=\"2418\" src=\"https:\/\/wiebke-bader.de\/wp-content\/uploads\/2025\/04\/P1130014b.jpg\" alt=\"\" class=\"wp-image-2553\" srcset=\"https:\/\/wiebke-bader.de\/wp-content\/uploads\/2025\/04\/P1130014b.jpg 1814w, https:\/\/wiebke-bader.de\/wp-content\/uploads\/2025\/04\/P1130014b-225x300.jpg 225w, https:\/\/wiebke-bader.de\/wp-content\/uploads\/2025\/04\/P1130014b-768x1024.jpg 768w, https:\/\/wiebke-bader.de\/wp-content\/uploads\/2025\/04\/P1130014b-1152x1536.jpg 1152w, https:\/\/wiebke-bader.de\/wp-content\/uploads\/2025\/04\/P1130014b-1536x2048.jpg 1536w, https:\/\/wiebke-bader.de\/wp-content\/uploads\/2025\/04\/P1130014b-9x12.jpg 9w\" sizes=\"auto, (max-width: 767px) 89vw, (max-width: 1000px) 54vw, (max-width: 1071px) 543px, 580px\" \/><\/figure>\n\n\n\n<figure class=\"wp-block-image size-full\"><img loading=\"lazy\" decoding=\"async\" width=\"800\" height=\"800\" src=\"https:\/\/wiebke-bader.de\/wp-content\/uploads\/2025\/08\/Wiebke-Bader-Anfang-Bronze-39x44x25-cm_.jpg\" alt=\"abstrakte Bronzeskulptur &quot;Anfang&quot;, dunkel patiniert\" class=\"wp-image-2817\" srcset=\"https:\/\/wiebke-bader.de\/wp-content\/uploads\/2025\/08\/Wiebke-Bader-Anfang-Bronze-39x44x25-cm_.jpg 800w, https:\/\/wiebke-bader.de\/wp-content\/uploads\/2025\/08\/Wiebke-Bader-Anfang-Bronze-39x44x25-cm_-300x300.jpg 300w, https:\/\/wiebke-bader.de\/wp-content\/uploads\/2025\/08\/Wiebke-Bader-Anfang-Bronze-39x44x25-cm_-150x150.jpg 150w, https:\/\/wiebke-bader.de\/wp-content\/uploads\/2025\/08\/Wiebke-Bader-Anfang-Bronze-39x44x25-cm_-768x768.jpg 768w, https:\/\/wiebke-bader.de\/wp-content\/uploads\/2025\/08\/Wiebke-Bader-Anfang-Bronze-39x44x25-cm_-12x12.jpg 12w, https:\/\/wiebke-bader.de\/wp-content\/uploads\/2025\/08\/Wiebke-Bader-Anfang-Bronze-39x44x25-cm_-100x100.jpg 100w\" sizes=\"auto, (max-width: 767px) 89vw, (max-width: 1000px) 54vw, (max-width: 1071px) 543px, 580px\" \/><\/figure>\n<\/div>\n\n\n\n<div class=\"wp-block-column is-layout-flow wp-block-column-is-layout-flow\">\n<figure class=\"wp-block-image size-full\"><img loading=\"lazy\" decoding=\"async\" width=\"400\" height=\"400\" src=\"https:\/\/wiebke-bader.de\/wp-content\/uploads\/2025\/04\/Wiebke_Bader_Ein_gluecklicher_Tag_2024_Bronze_Edition2von9_37x44x36cm_klein.jpg\" alt=\"Black sculpture, abstakt, smooth forms, soft curves.\" class=\"wp-image-2622\" srcset=\"https:\/\/wiebke-bader.de\/wp-content\/uploads\/2025\/04\/Wiebke_Bader_Ein_gluecklicher_Tag_2024_Bronze_Edition2von9_37x44x36cm_klein.jpg 400w, https:\/\/wiebke-bader.de\/wp-content\/uploads\/2025\/04\/Wiebke_Bader_Ein_gluecklicher_Tag_2024_Bronze_Edition2von9_37x44x36cm_klein-300x300.jpg 300w, https:\/\/wiebke-bader.de\/wp-content\/uploads\/2025\/04\/Wiebke_Bader_Ein_gluecklicher_Tag_2024_Bronze_Edition2von9_37x44x36cm_klein-150x150.jpg 150w, https:\/\/wiebke-bader.de\/wp-content\/uploads\/2025\/04\/Wiebke_Bader_Ein_gluecklicher_Tag_2024_Bronze_Edition2von9_37x44x36cm_klein-12x12.jpg 12w, https:\/\/wiebke-bader.de\/wp-content\/uploads\/2025\/04\/Wiebke_Bader_Ein_gluecklicher_Tag_2024_Bronze_Edition2von9_37x44x36cm_klein-100x100.jpg 100w\" sizes=\"auto, (max-width: 400px) 100vw, 400px\" \/><\/figure>\n\n\n\n<figure class=\"wp-block-image size-full\"><img loading=\"lazy\" decoding=\"async\" width=\"500\" height=\"666\" src=\"https:\/\/wiebke-bader.de\/wp-content\/uploads\/2025\/03\/P1140321a.jpg\" alt=\"Abstrakte schwarze Skulptur mit runden Formen und glatten Oberfl\u00e4chen\" class=\"wp-image-2298\" srcset=\"https:\/\/wiebke-bader.de\/wp-content\/uploads\/2025\/03\/P1140321a.jpg 500w, https:\/\/wiebke-bader.de\/wp-content\/uploads\/2025\/03\/P1140321a-225x300.jpg 225w, https:\/\/wiebke-bader.de\/wp-content\/uploads\/2025\/03\/P1140321a-9x12.jpg 9w\" sizes=\"auto, (max-width: 500px) 100vw, 500px\" \/><\/figure>\n<\/div>\n<\/div>\n\n\n\n<div class=\"wp-block-buttons is-layout-flex wp-block-buttons-is-layout-flex\">\n<div class=\"wp-block-button\"><a class=\"wp-block-button__link has-black-background-color has-background has-custom-font-size wp-element-button\" href=\"https:\/\/wiebke-bader.de\/en\/black-sculptures\/\" style=\"font-size:16px\">more black sculptures<\/a><\/div>\n<\/div>\n\n\n\n<h2 class=\"wp-block-heading\"><strong>Color<\/strong><\/h2>\n\n\n\n<div class=\"wp-block-columns is-layout-flex wp-container-core-columns-is-layout-9d6595d7 wp-block-columns-is-layout-flex\">\n<div class=\"wp-block-column is-layout-flow wp-block-column-is-layout-flow\">\n<figure class=\"wp-block-image size-full\"><img loading=\"lazy\" decoding=\"async\" width=\"400\" height=\"400\" src=\"https:\/\/wiebke-bader.de\/wp-content\/uploads\/2025\/03\/Wiebke-Bader_-Im-Tanz_50x31x37cm_klein.jpg\" alt=\"Abstrakte Skulptur, pink lackiert, mit runden Formen, glatten Oberfl\u00e4chen und definierten Kanten. Ihre bewegten Volumen scheinen miteinander zu tanzen.\" class=\"wp-image-2498\" srcset=\"https:\/\/wiebke-bader.de\/wp-content\/uploads\/2025\/03\/Wiebke-Bader_-Im-Tanz_50x31x37cm_klein.jpg 400w, https:\/\/wiebke-bader.de\/wp-content\/uploads\/2025\/03\/Wiebke-Bader_-Im-Tanz_50x31x37cm_klein-300x300.jpg 300w, https:\/\/wiebke-bader.de\/wp-content\/uploads\/2025\/03\/Wiebke-Bader_-Im-Tanz_50x31x37cm_klein-150x150.jpg 150w, https:\/\/wiebke-bader.de\/wp-content\/uploads\/2025\/03\/Wiebke-Bader_-Im-Tanz_50x31x37cm_klein-12x12.jpg 12w, https:\/\/wiebke-bader.de\/wp-content\/uploads\/2025\/03\/Wiebke-Bader_-Im-Tanz_50x31x37cm_klein-100x100.jpg 100w\" sizes=\"auto, (max-width: 400px) 100vw, 400px\" \/><\/figure>\n\n\n\n<figure class=\"wp-block-image size-full\"><img loading=\"lazy\" decoding=\"async\" width=\"1000\" height=\"1333\" src=\"https:\/\/wiebke-bader.de\/wp-content\/uploads\/2025\/04\/P1130786aaa.jpg\" alt=\"\" class=\"wp-image-2568\" srcset=\"https:\/\/wiebke-bader.de\/wp-content\/uploads\/2025\/04\/P1130786aaa.jpg 1000w, https:\/\/wiebke-bader.de\/wp-content\/uploads\/2025\/04\/P1130786aaa-225x300.jpg 225w, https:\/\/wiebke-bader.de\/wp-content\/uploads\/2025\/04\/P1130786aaa-768x1024.jpg 768w, https:\/\/wiebke-bader.de\/wp-content\/uploads\/2025\/04\/P1130786aaa-9x12.jpg 9w\" sizes=\"auto, (max-width: 767px) 89vw, (max-width: 1000px) 54vw, (max-width: 1071px) 543px, 580px\" \/><\/figure>\n<\/div>\n\n\n\n<div class=\"wp-block-column is-layout-flow wp-block-column-is-layout-flow\">\n<figure class=\"wp-block-image size-full\"><img loading=\"lazy\" decoding=\"async\" width=\"500\" height=\"667\" src=\"https:\/\/wiebke-bader.de\/wp-content\/uploads\/2025\/03\/P1130846a500px.jpg\" alt=\"Abstrakte Skulptur, gl\u00e4nzend rot lackiert.\" class=\"wp-image-2327\" srcset=\"https:\/\/wiebke-bader.de\/wp-content\/uploads\/2025\/03\/P1130846a500px.jpg 500w, https:\/\/wiebke-bader.de\/wp-content\/uploads\/2025\/03\/P1130846a500px-225x300.jpg 225w, https:\/\/wiebke-bader.de\/wp-content\/uploads\/2025\/03\/P1130846a500px-9x12.jpg 9w\" sizes=\"auto, (max-width: 500px) 100vw, 500px\" \/><\/figure>\n\n\n\n<figure class=\"wp-block-image size-full\"><img loading=\"lazy\" decoding=\"async\" width=\"500\" height=\"523\" src=\"https:\/\/wiebke-bader.de\/wp-content\/uploads\/2024\/11\/P1130830a_500px.jpg\" alt=\"Zwei violett lackierte Skulpturen, abstrakt, runde Formen, spiegelnd glatte Oberfl\u00e4chen.\" class=\"wp-image-2065\" srcset=\"https:\/\/wiebke-bader.de\/wp-content\/uploads\/2024\/11\/P1130830a_500px.jpg 500w, https:\/\/wiebke-bader.de\/wp-content\/uploads\/2024\/11\/P1130830a_500px-287x300.jpg 287w, https:\/\/wiebke-bader.de\/wp-content\/uploads\/2024\/11\/P1130830a_500px-11x12.jpg 11w\" sizes=\"auto, (max-width: 500px) 100vw, 500px\" \/><\/figure>\n<\/div>\n<\/div>\n\n\n\n<div class=\"wp-block-buttons is-layout-flex wp-block-buttons-is-layout-flex\">\n<div class=\"wp-block-button\"><a class=\"wp-block-button__link has-black-background-color has-background has-custom-font-size wp-element-button\" href=\"https:\/\/wiebke-bader.de\/en\/work\/colored-sculptures\/\" style=\"font-size:16px\">more colorful sculptures<\/a><\/div>\n<\/div>\n\n\n\n<h2 class=\"wp-block-heading\"><strong>Aluminum<\/strong><\/h2>\n\n\n\n<div class=\"wp-block-columns is-layout-flex wp-container-core-columns-is-layout-9d6595d7 wp-block-columns-is-layout-flex\">\n<div class=\"wp-block-column is-layout-flow wp-block-column-is-layout-flow\">\n<figure class=\"wp-block-image size-full\"><img loading=\"lazy\" decoding=\"async\" width=\"400\" height=\"600\" src=\"https:\/\/wiebke-bader.de\/wp-content\/uploads\/2025\/03\/Wiebke_Bader_Leben_400.jpg\" alt=\"Abstrakte Aluminium-Skulptur aus schlanken Schlaufen, die sich umeinander drehen.\" class=\"wp-image-2506\" srcset=\"https:\/\/wiebke-bader.de\/wp-content\/uploads\/2025\/03\/Wiebke_Bader_Leben_400.jpg 400w, https:\/\/wiebke-bader.de\/wp-content\/uploads\/2025\/03\/Wiebke_Bader_Leben_400-200x300.jpg 200w, https:\/\/wiebke-bader.de\/wp-content\/uploads\/2025\/03\/Wiebke_Bader_Leben_400-8x12.jpg 8w\" sizes=\"auto, (max-width: 400px) 100vw, 400px\" \/><\/figure>\n<\/div>\n\n\n\n<div class=\"wp-block-column is-layout-flow wp-block-column-is-layout-flow\">\n<figure class=\"wp-block-image size-full\"><img loading=\"lazy\" decoding=\"async\" width=\"300\" height=\"257\" src=\"https:\/\/wiebke-bader.de\/wp-content\/uploads\/2024\/11\/Tanz_.jpg\" alt=\"Abstract organic sculpture made of aluminum, slightly polished\" class=\"wp-image-1938\" srcset=\"https:\/\/wiebke-bader.de\/wp-content\/uploads\/2024\/11\/Tanz_.jpg 300w, https:\/\/wiebke-bader.de\/wp-content\/uploads\/2024\/11\/Tanz_-14x12.jpg 14w\" sizes=\"auto, (max-width: 300px) 100vw, 300px\" \/><\/figure>\n<\/div>\n<\/div>\n\n\n\n<div class=\"wp-block-buttons is-layout-flex wp-block-buttons-is-layout-flex\">\n<div class=\"wp-block-button\"><a class=\"wp-block-button__link has-black-background-color has-background has-custom-font-size wp-element-button\" href=\"https:\/\/wiebke-bader.de\/en\/aluminum-sculptures\/\" style=\"font-size:16px\">more aluminum sculptures<\/a><\/div>\n<\/div>\n\n\n\n<h2 class=\"wp-block-heading\"><\/h2>\n\n\n\n<h2 class=\"wp-block-heading\"><strong>Originals<\/strong><\/h2>\n\n\n\n<p>Individuelle Skulpturen und Skulpturengruppen k\u00f6nnen in nahezu jeder Gr\u00f6\u00dfe und passend f\u00fcr jeden internationalen Ort entstehen. Die Originale dazu werden meist aus Gips gefertigt. Danach werden in kleinen Auflagen Skulpturen aus Bronze, Aluminium oder Kunststein, sowie Unikate aus Holz oder Keramik realisiert.<\/p>\n\n\n\n<div class=\"wp-block-columns is-layout-flex wp-container-core-columns-is-layout-9d6595d7 wp-block-columns-is-layout-flex\">\n<div class=\"wp-block-column is-layout-flow wp-block-column-is-layout-flow\">\n<figure class=\"wp-block-image size-full\"><img loading=\"lazy\" decoding=\"async\" width=\"400\" height=\"400\" src=\"https:\/\/wiebke-bader.de\/wp-content\/uploads\/2025\/03\/P1080162a_klein.jpg\" alt=\"\" class=\"wp-image-2360\" srcset=\"https:\/\/wiebke-bader.de\/wp-content\/uploads\/2025\/03\/P1080162a_klein.jpg 400w, https:\/\/wiebke-bader.de\/wp-content\/uploads\/2025\/03\/P1080162a_klein-300x300.jpg 300w, https:\/\/wiebke-bader.de\/wp-content\/uploads\/2025\/03\/P1080162a_klein-150x150.jpg 150w, https:\/\/wiebke-bader.de\/wp-content\/uploads\/2025\/03\/P1080162a_klein-12x12.jpg 12w, https:\/\/wiebke-bader.de\/wp-content\/uploads\/2025\/03\/P1080162a_klein-100x100.jpg 100w\" sizes=\"auto, (max-width: 400px) 100vw, 400px\" \/><\/figure>\n<\/div>\n\n\n\n<div class=\"wp-block-column is-layout-flow wp-block-column-is-layout-flow\">\n<figure class=\"wp-block-image size-full\"><img loading=\"lazy\" decoding=\"async\" width=\"400\" height=\"400\" src=\"https:\/\/wiebke-bader.de\/wp-content\/uploads\/2025\/03\/P1130686a_klein.jpg\" alt=\"\" class=\"wp-image-2359\" srcset=\"https:\/\/wiebke-bader.de\/wp-content\/uploads\/2025\/03\/P1130686a_klein.jpg 400w, https:\/\/wiebke-bader.de\/wp-content\/uploads\/2025\/03\/P1130686a_klein-300x300.jpg 300w, https:\/\/wiebke-bader.de\/wp-content\/uploads\/2025\/03\/P1130686a_klein-150x150.jpg 150w, https:\/\/wiebke-bader.de\/wp-content\/uploads\/2025\/03\/P1130686a_klein-12x12.jpg 12w, https:\/\/wiebke-bader.de\/wp-content\/uploads\/2025\/03\/P1130686a_klein-100x100.jpg 100w\" sizes=\"auto, (max-width: 400px) 100vw, 400px\" \/><\/figure>\n<\/div>\n<\/div>\n\n\n\n<div class=\"wp-block-columns is-layout-flex wp-container-core-columns-is-layout-9d6595d7 wp-block-columns-is-layout-flex\">\n<div class=\"wp-block-column is-layout-flow wp-block-column-is-layout-flow\">\n<figure class=\"wp-block-image size-full\"><img loading=\"lazy\" decoding=\"async\" width=\"400\" height=\"533\" src=\"https:\/\/wiebke-bader.de\/wp-content\/uploads\/2025\/03\/P1100397a_klein.jpg\" alt=\"Abstrakte Skulptur aus Gips mit runden Formen und weich verlaufenden Kanten.\" class=\"wp-image-2367\" srcset=\"https:\/\/wiebke-bader.de\/wp-content\/uploads\/2025\/03\/P1100397a_klein.jpg 400w, https:\/\/wiebke-bader.de\/wp-content\/uploads\/2025\/03\/P1100397a_klein-225x300.jpg 225w, https:\/\/wiebke-bader.de\/wp-content\/uploads\/2025\/03\/P1100397a_klein-9x12.jpg 9w\" sizes=\"auto, (max-width: 400px) 100vw, 400px\" \/><\/figure>\n<\/div>\n\n\n\n<div class=\"wp-block-column is-layout-flow wp-block-column-is-layout-flow\">\n<figure class=\"wp-block-image size-full\"><img loading=\"lazy\" decoding=\"async\" width=\"400\" height=\"533\" src=\"https:\/\/wiebke-bader.de\/wp-content\/uploads\/2025\/03\/Wiebke_Bader_Leben1_ca.104x49x41cm_klein.jpg\" alt=\"Abstrakte Skulptur bestehend aus einem schmalen Band, das sich auf und ab windet.\" class=\"wp-image-2237\" srcset=\"https:\/\/wiebke-bader.de\/wp-content\/uploads\/2025\/03\/Wiebke_Bader_Leben1_ca.104x49x41cm_klein.jpg 400w, https:\/\/wiebke-bader.de\/wp-content\/uploads\/2025\/03\/Wiebke_Bader_Leben1_ca.104x49x41cm_klein-225x300.jpg 225w, https:\/\/wiebke-bader.de\/wp-content\/uploads\/2025\/03\/Wiebke_Bader_Leben1_ca.104x49x41cm_klein-9x12.jpg 9w\" sizes=\"auto, (max-width: 400px) 100vw, 400px\" \/><\/figure>\n<\/div>\n<\/div>\n\n\n\n<div class=\"wp-block-buttons is-layout-flex wp-block-buttons-is-layout-flex\">\n<div class=\"wp-block-button\"><a class=\"wp-block-button__link has-black-background-color has-background has-custom-font-size wp-element-button\" href=\"https:\/\/wiebke-bader.de\/en\/originals\/\" style=\"font-size:16px\">more originals<\/a><\/div>\n<\/div>\n\n\n\n<h2 class=\"wp-block-heading\"><\/h2>","protected":false},"excerpt":{"rendered":"<p>&#8222;Die Werke Wiebke Baders laden uns zum ausgiebigen Schauen ein, sie verf\u00fchren uns geradezu, ihren Buckeln, ihren H\u00f6hlungen nachzusp\u00fcren, das Spiel von Licht und Schatten in den verschiedenen Oberfl\u00e4chen und Materialien zu genie\u00dfen. Der Blick folgt den an und abschwellenden Volumina, Vorder- und Hintergrund sowie dazwischen liegenden \u00d6ffnungen. Nicht selten endet der \u00fcberraschte Blick dann &hellip; <\/p>\n<p class=\"link-more\"><a href=\"https:\/\/wiebke-bader.de\/en\/work\/\" class=\"more-link\">Continue reading<span class=\"screen-reader-text\"> &#8222;Werk&#8220;<\/span><\/a><\/p>","protected":false},"author":1,"featured_media":2780,"parent":0,"menu_order":0,"comment_status":"closed","ping_status":"closed","template":"","meta":{"footnotes":""},"class_list":["post-18","page","type-page","status-publish","has-post-thumbnail","hentry"],"_links":{"self":[{"href":"https:\/\/wiebke-bader.de\/en\/wp-json\/wp\/v2\/pages\/18","targetHints":{"allow":["GET"]}}],"collection":[{"href":"https:\/\/wiebke-bader.de\/en\/wp-json\/wp\/v2\/pages"}],"about":[{"href":"https:\/\/wiebke-bader.de\/en\/wp-json\/wp\/v2\/types\/page"}],"author":[{"embeddable":true,"href":"https:\/\/wiebke-bader.de\/en\/wp-json\/wp\/v2\/users\/1"}],"replies":[{"embeddable":true,"href":"https:\/\/wiebke-bader.de\/en\/wp-json\/wp\/v2\/comments?post=18"}],"version-history":[{"count":330,"href":"https:\/\/wiebke-bader.de\/en\/wp-json\/wp\/v2\/pages\/18\/revisions"}],"predecessor-version":[{"id":2869,"href":"https:\/\/wiebke-bader.de\/en\/wp-json\/wp\/v2\/pages\/18\/revisions\/2869"}],"wp:featuredmedia":[{"embeddable":true,"href":"https:\/\/wiebke-bader.de\/en\/wp-json\/wp\/v2\/media\/2780"}],"wp:attachment":[{"href":"https:\/\/wiebke-bader.de\/en\/wp-json\/wp\/v2\/media?parent=18"}],"curies":[{"name":"wp","href":"https:\/\/api.w.org\/{rel}","templated":true}]}}