{"id":1103,"date":"2024-11-02T21:08:22","date_gmt":"2024-11-02T20:08:22","guid":{"rendered":"https:\/\/wiebke-bader.de\/?page_id=1103"},"modified":"2025-08-05T14:34:29","modified_gmt":"2025-08-05T12:34:29","slug":"black-sculptures","status":"publish","type":"page","link":"https:\/\/wiebke-bader.de\/en\/black-sculptures\/","title":{"rendered":"Black"},"content":{"rendered":"<div class=\"wp-block-columns is-layout-flex wp-container-core-columns-is-layout-9d6595d7 wp-block-columns-is-layout-flex\">\n<div class=\"wp-block-column is-layout-flow wp-block-column-is-layout-flow\" style=\"flex-basis:100%\">\n<figure class=\"wp-block-image size-full\"><img loading=\"lazy\" decoding=\"async\" width=\"800\" height=\"600\" src=\"https:\/\/wiebke-bader.de\/wp-content\/uploads\/2025\/04\/Wiebke-Bader_Ein-gluecklicher-Tag_Bronze.jpg\" alt=\"Schwarze, abstrakte Skulptur mit glatten runden Oberfl\u00e4chen und weich auslaufenden Kanten.\" class=\"wp-image-2630\" srcset=\"https:\/\/wiebke-bader.de\/wp-content\/uploads\/2025\/04\/Wiebke-Bader_Ein-gluecklicher-Tag_Bronze.jpg 800w, https:\/\/wiebke-bader.de\/wp-content\/uploads\/2025\/04\/Wiebke-Bader_Ein-gluecklicher-Tag_Bronze-300x225.jpg 300w, https:\/\/wiebke-bader.de\/wp-content\/uploads\/2025\/04\/Wiebke-Bader_Ein-gluecklicher-Tag_Bronze-768x576.jpg 768w, https:\/\/wiebke-bader.de\/wp-content\/uploads\/2025\/04\/Wiebke-Bader_Ein-gluecklicher-Tag_Bronze-16x12.jpg 16w\" sizes=\"auto, (max-width: 767px) 89vw, (max-width: 1000px) 54vw, (max-width: 1071px) 543px, 580px\" \/><figcaption class=\"wp-element-caption\"><strong>A happy day<\/strong>, bronze, approx. 37\/44\/36 cm<\/figcaption><\/figure>\n\n\n\n<div class=\"wp-block-columns is-layout-flex wp-container-core-columns-is-layout-9d6595d7 wp-block-columns-is-layout-flex\">\n<div class=\"wp-block-column is-layout-flow wp-block-column-is-layout-flow\">\n<figure class=\"wp-block-image size-full\"><img loading=\"lazy\" decoding=\"async\" width=\"800\" height=\"800\" src=\"https:\/\/wiebke-bader.de\/wp-content\/uploads\/2025\/08\/Wiebke-Bader-Anfang-Bronze-39x44x25-cm_.jpg\" alt=\"abstrakte Bronzeskulptur &quot;Anfang&quot;, dunkel patiniert\" class=\"wp-image-2817\" srcset=\"https:\/\/wiebke-bader.de\/wp-content\/uploads\/2025\/08\/Wiebke-Bader-Anfang-Bronze-39x44x25-cm_.jpg 800w, https:\/\/wiebke-bader.de\/wp-content\/uploads\/2025\/08\/Wiebke-Bader-Anfang-Bronze-39x44x25-cm_-300x300.jpg 300w, https:\/\/wiebke-bader.de\/wp-content\/uploads\/2025\/08\/Wiebke-Bader-Anfang-Bronze-39x44x25-cm_-150x150.jpg 150w, https:\/\/wiebke-bader.de\/wp-content\/uploads\/2025\/08\/Wiebke-Bader-Anfang-Bronze-39x44x25-cm_-768x768.jpg 768w, https:\/\/wiebke-bader.de\/wp-content\/uploads\/2025\/08\/Wiebke-Bader-Anfang-Bronze-39x44x25-cm_-12x12.jpg 12w, https:\/\/wiebke-bader.de\/wp-content\/uploads\/2025\/08\/Wiebke-Bader-Anfang-Bronze-39x44x25-cm_-100x100.jpg 100w\" sizes=\"auto, (max-width: 767px) 89vw, (max-width: 1000px) 54vw, (max-width: 1071px) 543px, 580px\" \/><figcaption class=\"wp-element-caption\"><strong>Beginning<\/strong>, Bronze, about 39\/44\/25 cm<\/figcaption><\/figure>\n<\/div>\n\n\n\n<div class=\"wp-block-column is-layout-flow wp-block-column-is-layout-flow\">\n<figure class=\"wp-block-image size-full\"><img loading=\"lazy\" decoding=\"async\" width=\"800\" height=\"800\" src=\"https:\/\/wiebke-bader.de\/wp-content\/uploads\/2024\/03\/wP1130014aklein.jpg\" alt=\"Black abstract two piece sculpture.\" class=\"wp-image-1516\" srcset=\"https:\/\/wiebke-bader.de\/wp-content\/uploads\/2024\/03\/wP1130014aklein.jpg 800w, https:\/\/wiebke-bader.de\/wp-content\/uploads\/2024\/03\/wP1130014aklein-300x300.jpg 300w, https:\/\/wiebke-bader.de\/wp-content\/uploads\/2024\/03\/wP1130014aklein-150x150.jpg 150w, https:\/\/wiebke-bader.de\/wp-content\/uploads\/2024\/03\/wP1130014aklein-768x768.jpg 768w, https:\/\/wiebke-bader.de\/wp-content\/uploads\/2024\/03\/wP1130014aklein-12x12.jpg 12w, https:\/\/wiebke-bader.de\/wp-content\/uploads\/2024\/03\/wP1130014aklein-100x100.jpg 100w\" sizes=\"auto, (max-width: 767px) 89vw, (max-width: 1000px) 54vw, (max-width: 1071px) 543px, 580px\" \/><figcaption class=\"wp-element-caption\"><strong>Strong couple<\/strong>, artificial stone and lacquer, 30\/24\/42 cm<\/figcaption><\/figure>\n<\/div>\n<\/div>\n\n\n\n<div class=\"wp-block-columns is-layout-flex wp-container-core-columns-is-layout-9d6595d7 wp-block-columns-is-layout-flex\">\n<div class=\"wp-block-column is-layout-flow wp-block-column-is-layout-flow\">\n<figure class=\"wp-block-image size-full\"><img loading=\"lazy\" decoding=\"async\" width=\"500\" height=\"500\" src=\"https:\/\/wiebke-bader.de\/wp-content\/uploads\/2025\/08\/Wiebke_Bader_Die_grosse_Leere_und_die_kleine_Freude_Acrylicone_und_Kupfer.png\" alt=\"Zwei schwarze Skulpturen, abstrakt, runde Formen, glatte Oberfl\u00e4chen.\" class=\"wp-image-2830\" srcset=\"https:\/\/wiebke-bader.de\/wp-content\/uploads\/2025\/08\/Wiebke_Bader_Die_grosse_Leere_und_die_kleine_Freude_Acrylicone_und_Kupfer.png 500w, https:\/\/wiebke-bader.de\/wp-content\/uploads\/2025\/08\/Wiebke_Bader_Die_grosse_Leere_und_die_kleine_Freude_Acrylicone_und_Kupfer-300x300.png 300w, https:\/\/wiebke-bader.de\/wp-content\/uploads\/2025\/08\/Wiebke_Bader_Die_grosse_Leere_und_die_kleine_Freude_Acrylicone_und_Kupfer-150x150.png 150w, https:\/\/wiebke-bader.de\/wp-content\/uploads\/2025\/08\/Wiebke_Bader_Die_grosse_Leere_und_die_kleine_Freude_Acrylicone_und_Kupfer-12x12.png 12w, https:\/\/wiebke-bader.de\/wp-content\/uploads\/2025\/08\/Wiebke_Bader_Die_grosse_Leere_und_die_kleine_Freude_Acrylicone_und_Kupfer-100x100.png 100w\" sizes=\"auto, (max-width: 500px) 100vw, 500px\" \/><figcaption class=\"wp-element-caption\"><strong>The great emptiness and the small joy<\/strong>, artificial stone bronze, approx. 40\/24\/18 and 36\/29\/25 cm<\/figcaption><\/figure>\n\n\n\n<figure class=\"wp-block-image size-full\"><img loading=\"lazy\" decoding=\"async\" width=\"500\" height=\"500\" src=\"https:\/\/wiebke-bader.de\/wp-content\/uploads\/2024\/11\/Wiebke_Bader_Freunde_Mixed_Media_und_Graphit_25cm_hoch-.jpg\" alt=\"Zwei schwarze Skulpturen, abstakt, runde Formen, glatte Oberfl\u00e4chen, einander zugewandt.\" class=\"wp-image-1799\" srcset=\"https:\/\/wiebke-bader.de\/wp-content\/uploads\/2024\/11\/Wiebke_Bader_Freunde_Mixed_Media_und_Graphit_25cm_hoch-.jpg 500w, https:\/\/wiebke-bader.de\/wp-content\/uploads\/2024\/11\/Wiebke_Bader_Freunde_Mixed_Media_und_Graphit_25cm_hoch--300x300.jpg 300w, https:\/\/wiebke-bader.de\/wp-content\/uploads\/2024\/11\/Wiebke_Bader_Freunde_Mixed_Media_und_Graphit_25cm_hoch--150x150.jpg 150w, https:\/\/wiebke-bader.de\/wp-content\/uploads\/2024\/11\/Wiebke_Bader_Freunde_Mixed_Media_und_Graphit_25cm_hoch--12x12.jpg 12w, https:\/\/wiebke-bader.de\/wp-content\/uploads\/2024\/11\/Wiebke_Bader_Freunde_Mixed_Media_und_Graphit_25cm_hoch--100x100.jpg 100w\" sizes=\"auto, (max-width: 500px) 100vw, 500px\" \/><figcaption class=\"wp-element-caption\"><strong><em>Friends<\/em><\/strong>, artificial stone and graphite, approx. 25 cm high<\/figcaption><\/figure>\n\n\n\n<figure class=\"wp-block-image size-full\"><img loading=\"lazy\" decoding=\"async\" width=\"500\" height=\"667\" src=\"https:\/\/wiebke-bader.de\/wp-content\/uploads\/2024\/11\/P1120186a-.jpg\" alt=\"Abstrakte schwarze Skulptur mit runden Formen und glatten Oberfl\u00e4chen\" class=\"wp-image-1803\" srcset=\"https:\/\/wiebke-bader.de\/wp-content\/uploads\/2024\/11\/P1120186a-.jpg 500w, https:\/\/wiebke-bader.de\/wp-content\/uploads\/2024\/11\/P1120186a--225x300.jpg 225w, https:\/\/wiebke-bader.de\/wp-content\/uploads\/2024\/11\/P1120186a--9x12.jpg 9w\" sizes=\"auto, (max-width: 500px) 100vw, 500px\" \/><figcaption class=\"wp-element-caption\"><strong><em>Leben (IV)<\/em><\/strong>, mixed media, approx. 92\/48\/48 cm<\/figcaption><\/figure>\n<\/div>\n\n\n\n<div class=\"wp-block-column is-layout-flow wp-block-column-is-layout-flow\">\n<figure class=\"wp-block-image size-full\"><img loading=\"lazy\" decoding=\"async\" width=\"500\" height=\"667\" src=\"https:\/\/wiebke-bader.de\/wp-content\/uploads\/2025\/08\/Wiebke_Bader_Paar_Mixed_Media_Graphit_14x56x27cm_.jpg\" alt=\"Schwarzes abstraktes Skulpturenpaar.\" class=\"wp-image-2822\" srcset=\"https:\/\/wiebke-bader.de\/wp-content\/uploads\/2025\/08\/Wiebke_Bader_Paar_Mixed_Media_Graphit_14x56x27cm_.jpg 500w, https:\/\/wiebke-bader.de\/wp-content\/uploads\/2025\/08\/Wiebke_Bader_Paar_Mixed_Media_Graphit_14x56x27cm_-225x300.jpg 225w, https:\/\/wiebke-bader.de\/wp-content\/uploads\/2025\/08\/Wiebke_Bader_Paar_Mixed_Media_Graphit_14x56x27cm_-9x12.jpg 9w\" sizes=\"auto, (max-width: 500px) 100vw, 500px\" \/><figcaption class=\"wp-element-caption\"><strong>Loving couple<\/strong>, artificial stone and graphite, 23\/14\/55 cm<\/figcaption><\/figure>\n\n\n\n<figure class=\"wp-block-image size-full\"><img loading=\"lazy\" decoding=\"async\" width=\"500\" height=\"500\" src=\"https:\/\/wiebke-bader.de\/wp-content\/uploads\/2025\/08\/Wiebke-Bader_Im-Tanz_Kunststein-und-Lack_36x37x31cm.jpg\" alt=\"Schwarze abstracte Skulptur mit organischen Formen, die sich in einem Kreis bewegen.\" class=\"wp-image-2836\" srcset=\"https:\/\/wiebke-bader.de\/wp-content\/uploads\/2025\/08\/Wiebke-Bader_Im-Tanz_Kunststein-und-Lack_36x37x31cm.jpg 500w, https:\/\/wiebke-bader.de\/wp-content\/uploads\/2025\/08\/Wiebke-Bader_Im-Tanz_Kunststein-und-Lack_36x37x31cm-300x300.jpg 300w, https:\/\/wiebke-bader.de\/wp-content\/uploads\/2025\/08\/Wiebke-Bader_Im-Tanz_Kunststein-und-Lack_36x37x31cm-150x150.jpg 150w, https:\/\/wiebke-bader.de\/wp-content\/uploads\/2025\/08\/Wiebke-Bader_Im-Tanz_Kunststein-und-Lack_36x37x31cm-12x12.jpg 12w, https:\/\/wiebke-bader.de\/wp-content\/uploads\/2025\/08\/Wiebke-Bader_Im-Tanz_Kunststein-und-Lack_36x37x31cm-100x100.jpg 100w\" sizes=\"auto, (max-width: 500px) 100vw, 500px\" \/><figcaption class=\"wp-element-caption\"><strong>Dancing away<\/strong>, artificial stone and bronze, 36\/37\/31 cm<\/figcaption><\/figure>\n\n\n\n<figure class=\"wp-block-image size-full\"><img loading=\"lazy\" decoding=\"async\" width=\"500\" height=\"375\" src=\"https:\/\/wiebke-bader.de\/wp-content\/uploads\/2024\/11\/Wiebke-Bader-Stadtgespraech-Kunststein-und-Graphit-20x14x10-cm-.jpg\" alt=\"Gruppe aus drei abstrakten schwarzen Skulpturen.\" class=\"wp-image-1800\" srcset=\"https:\/\/wiebke-bader.de\/wp-content\/uploads\/2024\/11\/Wiebke-Bader-Stadtgespraech-Kunststein-und-Graphit-20x14x10-cm-.jpg 500w, https:\/\/wiebke-bader.de\/wp-content\/uploads\/2024\/11\/Wiebke-Bader-Stadtgespraech-Kunststein-und-Graphit-20x14x10-cm--300x225.jpg 300w, https:\/\/wiebke-bader.de\/wp-content\/uploads\/2024\/11\/Wiebke-Bader-Stadtgespraech-Kunststein-und-Graphit-20x14x10-cm--16x12.jpg 16w\" sizes=\"auto, (max-width: 500px) 100vw, 500px\" \/><figcaption class=\"wp-element-caption\"><strong>Talk of the town<\/strong>, artificial stone and graphite, 20\/14\/10 cm<\/figcaption><\/figure>\n\n\n\n<figure class=\"wp-block-image size-full\"><img loading=\"lazy\" decoding=\"async\" width=\"500\" height=\"666\" src=\"https:\/\/wiebke-bader.de\/wp-content\/uploads\/2025\/03\/P1140321a.jpg\" alt=\"Abstrakte schwarze Skulptur mit runden Formen und glatten Oberfl\u00e4chen\" class=\"wp-image-2298\" srcset=\"https:\/\/wiebke-bader.de\/wp-content\/uploads\/2025\/03\/P1140321a.jpg 500w, https:\/\/wiebke-bader.de\/wp-content\/uploads\/2025\/03\/P1140321a-225x300.jpg 225w, https:\/\/wiebke-bader.de\/wp-content\/uploads\/2025\/03\/P1140321a-9x12.jpg 9w\" sizes=\"auto, (max-width: 500px) 100vw, 500px\" \/><figcaption class=\"wp-element-caption\"><strong>Life (II)<\/strong>, artificial stone and graphite, approx. 110\/49\/45 cm<\/figcaption><\/figure>\n<\/div>\n<\/div>\n\n\n\n<div class=\"wp-block-columns is-layout-flex wp-container-core-columns-is-layout-9d6595d7 wp-block-columns-is-layout-flex\">\n<div class=\"wp-block-column is-layout-flow wp-block-column-is-layout-flow\">\n<figure class=\"wp-block-image size-full\"><img loading=\"lazy\" decoding=\"async\" width=\"500\" height=\"667\" src=\"https:\/\/wiebke-bader.de\/wp-content\/uploads\/2024\/11\/Wiebke-Bader-Drei-runde-Formen500.jpg\" alt=\"Abstract sculpture made of black glazed spruce wood. Three round shapes balance each other.\" class=\"wp-image-1921\" srcset=\"https:\/\/wiebke-bader.de\/wp-content\/uploads\/2024\/11\/Wiebke-Bader-Drei-runde-Formen500.jpg 500w, https:\/\/wiebke-bader.de\/wp-content\/uploads\/2024\/11\/Wiebke-Bader-Drei-runde-Formen500-225x300.jpg 225w, https:\/\/wiebke-bader.de\/wp-content\/uploads\/2024\/11\/Wiebke-Bader-Drei-runde-Formen500-9x12.jpg 9w\" sizes=\"auto, (max-width: 500px) 100vw, 500px\" \/><figcaption class=\"wp-element-caption\"><strong>Three round forms<\/strong>, Spruce, about 56\/95\/37 cm<\/figcaption><\/figure>\n<\/div>\n\n\n\n<div class=\"wp-block-column is-layout-flow wp-block-column-is-layout-flow\">\n<figure class=\"wp-block-image size-full\"><img loading=\"lazy\" decoding=\"async\" width=\"500\" height=\"667\" src=\"https:\/\/wiebke-bader.de\/wp-content\/uploads\/2025\/05\/P1120138a_.jpg\" alt=\"Abstrakte Bronzeskulptur mit strukturierter schwarzer Oberfl\u00e4che.\" class=\"wp-image-2732\" srcset=\"https:\/\/wiebke-bader.de\/wp-content\/uploads\/2025\/05\/P1120138a_.jpg 500w, https:\/\/wiebke-bader.de\/wp-content\/uploads\/2025\/05\/P1120138a_-225x300.jpg 225w, https:\/\/wiebke-bader.de\/wp-content\/uploads\/2025\/05\/P1120138a_-9x12.jpg 9w\" sizes=\"auto, (max-width: 500px) 100vw, 500px\" \/><figcaption class=\"wp-element-caption\"><strong>Eye to the sky<\/strong>, Bronze, 20\/29\/12 cm<\/figcaption><\/figure>\n<\/div>\n<\/div>\n\n\n\n<figure class=\"wp-block-image size-full\"><img loading=\"lazy\" decoding=\"async\" width=\"1000\" height=\"730\" src=\"https:\/\/wiebke-bader.de\/wp-content\/uploads\/2025\/03\/Wiebke_Bader_Im_Einklang_Bronze_Edition_2von5_114x54x58cm_1000.jpg\" alt=\"Liegende Figur aus Bronze, abstrakt\" class=\"wp-image-2190\" srcset=\"https:\/\/wiebke-bader.de\/wp-content\/uploads\/2025\/03\/Wiebke_Bader_Im_Einklang_Bronze_Edition_2von5_114x54x58cm_1000.jpg 1000w, https:\/\/wiebke-bader.de\/wp-content\/uploads\/2025\/03\/Wiebke_Bader_Im_Einklang_Bronze_Edition_2von5_114x54x58cm_1000-300x219.jpg 300w, https:\/\/wiebke-bader.de\/wp-content\/uploads\/2025\/03\/Wiebke_Bader_Im_Einklang_Bronze_Edition_2von5_114x54x58cm_1000-768x561.jpg 768w, https:\/\/wiebke-bader.de\/wp-content\/uploads\/2025\/03\/Wiebke_Bader_Im_Einklang_Bronze_Edition_2von5_114x54x58cm_1000-16x12.jpg 16w\" sizes=\"auto, (max-width: 767px) 89vw, (max-width: 1000px) 54vw, (max-width: 1071px) 543px, 580px\" \/><figcaption class=\"wp-element-caption\"><strong>In Harmony<\/strong>, Bronze, ca. 112 x 56 x 53 cm   (Bronzeskulpturen)<\/figcaption><\/figure>\n<\/div>\n<\/div>\n\n\n\n<p>It's amazing how diverse black sculptures are: Their surface can be deep black or dark anthracite, smoothly polished or matt, structured or smooth, with a slightly green patina or plain. Each species has its own charm and special charisma. What they all have in common, however, is that the absence of color draws particular attention to the form. Calm and self-confident, black sculptures stand on their own.<\/p>\n\n\n\n<div class=\"wp-block-buttons is-layout-flex wp-block-buttons-is-layout-flex\">\n<div class=\"wp-block-button\"><a class=\"wp-block-button__link wp-element-button\" href=\"https:\/\/wiebke-bader.de\/en\/work\/colored-sculptures\/\">Colorful sculptures<\/a><\/div>\n<\/div>","protected":false},"excerpt":{"rendered":"<p>Es ist erstaunlich, wie vielf\u00e4ltig schwarze Skulpturen sind: Ihre Oberfl\u00e4che kann tief schwarz sein oder dunkel anthrazit, glatt ploliert oder matt, strukturiert oder glatt, mit leicht gr\u00fcner Patina oder uni. Jede Art hat ihren eigenen Reiz und besondere Ausstrahlung. Gemeinsam ist allen jedoch, dass der Verzicht auf Farbe die Aufmerksamkeit besonders auf die Form lenkt. &hellip; <\/p>\n<p class=\"link-more\"><a href=\"https:\/\/wiebke-bader.de\/en\/black-sculptures\/\" class=\"more-link\">Continue reading<span class=\"screen-reader-text\"> &#8222;Schwarz&#8220;<\/span><\/a><\/p>","protected":false},"author":1,"featured_media":0,"parent":0,"menu_order":0,"comment_status":"closed","ping_status":"closed","template":"","meta":{"footnotes":""},"class_list":["post-1103","page","type-page","status-publish","hentry"],"_links":{"self":[{"href":"https:\/\/wiebke-bader.de\/en\/wp-json\/wp\/v2\/pages\/1103","targetHints":{"allow":["GET"]}}],"collection":[{"href":"https:\/\/wiebke-bader.de\/en\/wp-json\/wp\/v2\/pages"}],"about":[{"href":"https:\/\/wiebke-bader.de\/en\/wp-json\/wp\/v2\/types\/page"}],"author":[{"embeddable":true,"href":"https:\/\/wiebke-bader.de\/en\/wp-json\/wp\/v2\/users\/1"}],"replies":[{"embeddable":true,"href":"https:\/\/wiebke-bader.de\/en\/wp-json\/wp\/v2\/comments?post=1103"}],"version-history":[{"count":47,"href":"https:\/\/wiebke-bader.de\/en\/wp-json\/wp\/v2\/pages\/1103\/revisions"}],"predecessor-version":[{"id":2840,"href":"https:\/\/wiebke-bader.de\/en\/wp-json\/wp\/v2\/pages\/1103\/revisions\/2840"}],"wp:attachment":[{"href":"https:\/\/wiebke-bader.de\/en\/wp-json\/wp\/v2\/media?parent=1103"}],"curies":[{"name":"wp","href":"https:\/\/api.w.org\/{rel}","templated":true}]}}