{"id":1100,"date":"2024-11-04T00:54:13","date_gmt":"2024-11-03T23:54:13","guid":{"rendered":"https:\/\/wiebke-bader.de\/?page_id=1100"},"modified":"2025-05-07T16:40:33","modified_gmt":"2025-05-07T14:40:33","slug":"bronze","status":"publish","type":"page","link":"https:\/\/wiebke-bader.de\/en\/bronze\/","title":{"rendered":"Bronze"},"content":{"rendered":"<figure class=\"wp-block-image size-full\"><img loading=\"lazy\" decoding=\"async\" width=\"1000\" height=\"750\" src=\"https:\/\/wiebke-bader.de\/wp-content\/uploads\/2024\/11\/Freunde-.jpg\" alt=\"Zwei miteinander korrespondierende abstrakte Skulpturen aus Bronze,, goldbraun patiniert.\" class=\"wp-image-2055\" srcset=\"https:\/\/wiebke-bader.de\/wp-content\/uploads\/2024\/11\/Freunde-.jpg 1000w, https:\/\/wiebke-bader.de\/wp-content\/uploads\/2024\/11\/Freunde--300x225.jpg 300w, https:\/\/wiebke-bader.de\/wp-content\/uploads\/2024\/11\/Freunde--768x576.jpg 768w, https:\/\/wiebke-bader.de\/wp-content\/uploads\/2024\/11\/Freunde--16x12.jpg 16w\" sizes=\"auto, (max-width: 767px) 89vw, (max-width: 1000px) 54vw, (max-width: 1071px) 543px, 580px\" \/><figcaption class=\"wp-element-caption\"><strong><em>Friends<\/em><\/strong>, bronze, approx. 25 cm high<\/figcaption><\/figure>\n\n\n\n<p><\/p>\n\n\n\n<div class=\"wp-block-columns is-layout-flex wp-container-core-columns-is-layout-9d6595d7 wp-block-columns-is-layout-flex\">\n<div class=\"wp-block-column is-layout-flow wp-block-column-is-layout-flow\">\n<figure class=\"wp-block-image size-full\"><img loading=\"lazy\" decoding=\"async\" width=\"400\" height=\"400\" src=\"https:\/\/wiebke-bader.de\/wp-content\/uploads\/2025\/03\/P1040541.jpg\" alt=\"Runde Bronzeskulptur mit zwei Spitzen, mit glatter, braun patinierter Oberfl\u00e4che.\" class=\"wp-image-2302\" srcset=\"https:\/\/wiebke-bader.de\/wp-content\/uploads\/2025\/03\/P1040541.jpg 400w, https:\/\/wiebke-bader.de\/wp-content\/uploads\/2025\/03\/P1040541-300x300.jpg 300w, https:\/\/wiebke-bader.de\/wp-content\/uploads\/2025\/03\/P1040541-150x150.jpg 150w, https:\/\/wiebke-bader.de\/wp-content\/uploads\/2025\/03\/P1040541-12x12.jpg 12w, https:\/\/wiebke-bader.de\/wp-content\/uploads\/2025\/03\/P1040541-100x100.jpg 100w\" sizes=\"auto, (max-width: 400px) 100vw, 400px\" \/><figcaption class=\"wp-element-caption\"><strong>Two Points<\/strong>, Bronze, about 38\/28\/31 cm<\/figcaption><\/figure>\n<\/div>\n\n\n\n<div class=\"wp-block-column is-layout-flow wp-block-column-is-layout-flow\">\n<figure class=\"wp-block-image size-full\"><img loading=\"lazy\" decoding=\"async\" width=\"2560\" height=\"2560\" src=\"https:\/\/wiebke-bader.de\/wp-content\/uploads\/2025\/03\/P1090867a-scaled.jpg\" alt=\"Abstract Bronze sculpture with round shapes and smooth surfaces, dark brown patinated. The sculpture rests on only two points and keeps itself balanced.\" class=\"wp-image-2385\" srcset=\"https:\/\/wiebke-bader.de\/wp-content\/uploads\/2025\/03\/P1090867a-scaled.jpg 2560w, https:\/\/wiebke-bader.de\/wp-content\/uploads\/2025\/03\/P1090867a-300x300.jpg 300w, https:\/\/wiebke-bader.de\/wp-content\/uploads\/2025\/03\/P1090867a-1024x1024.jpg 1024w, https:\/\/wiebke-bader.de\/wp-content\/uploads\/2025\/03\/P1090867a-150x150.jpg 150w, https:\/\/wiebke-bader.de\/wp-content\/uploads\/2025\/03\/P1090867a-768x768.jpg 768w, https:\/\/wiebke-bader.de\/wp-content\/uploads\/2025\/03\/P1090867a-1536x1536.jpg 1536w, https:\/\/wiebke-bader.de\/wp-content\/uploads\/2025\/03\/P1090867a-2048x2048.jpg 2048w, https:\/\/wiebke-bader.de\/wp-content\/uploads\/2025\/03\/P1090867a-12x12.jpg 12w, https:\/\/wiebke-bader.de\/wp-content\/uploads\/2025\/03\/P1090867a-100x100.jpg 100w\" sizes=\"auto, (max-width: 767px) 89vw, (max-width: 1000px) 54vw, (max-width: 1071px) 543px, 580px\" \/><figcaption class=\"wp-element-caption\"><strong>Phoenix from the ashes<\/strong>, Bronze, about 40\/23\/23 cm<\/figcaption><\/figure>\n<\/div>\n<\/div>\n\n\n\n<div class=\"wp-block-columns is-layout-flex wp-container-core-columns-is-layout-9d6595d7 wp-block-columns-is-layout-flex\">\n<div class=\"wp-block-column is-layout-flow wp-block-column-is-layout-flow\">\n<figure class=\"wp-block-image size-full\"><img loading=\"lazy\" decoding=\"async\" width=\"500\" height=\"667\" src=\"https:\/\/wiebke-bader.de\/wp-content\/uploads\/2024\/11\/P1130197_.jpg\" alt=\"Two corresponding bronze figures, matt gold patinated with smooth surfaces and soft edges.\" class=\"wp-image-1863\" srcset=\"https:\/\/wiebke-bader.de\/wp-content\/uploads\/2024\/11\/P1130197_.jpg 500w, https:\/\/wiebke-bader.de\/wp-content\/uploads\/2024\/11\/P1130197_-225x300.jpg 225w, https:\/\/wiebke-bader.de\/wp-content\/uploads\/2024\/11\/P1130197_-9x12.jpg 9w\" sizes=\"auto, (max-width: 500px) 100vw, 500px\" \/><figcaption class=\"wp-element-caption\"><strong>Loving couple<\/strong>, Bronze, 25\/54\/14 cm<\/figcaption><\/figure>\n\n\n\n<figure class=\"wp-block-image size-full\"><img loading=\"lazy\" decoding=\"async\" width=\"400\" height=\"300\" src=\"https:\/\/wiebke-bader.de\/wp-content\/uploads\/2025\/04\/Wiebke_Bader_Im_Einklang_Bronze_2020_Edition-4von9_310x14x12cm.jpg\" alt=\"Liegende Figur aus Bronze, abstrakt\" class=\"wp-image-2640\" srcset=\"https:\/\/wiebke-bader.de\/wp-content\/uploads\/2025\/04\/Wiebke_Bader_Im_Einklang_Bronze_2020_Edition-4von9_310x14x12cm.jpg 400w, https:\/\/wiebke-bader.de\/wp-content\/uploads\/2025\/04\/Wiebke_Bader_Im_Einklang_Bronze_2020_Edition-4von9_310x14x12cm-300x225.jpg 300w, https:\/\/wiebke-bader.de\/wp-content\/uploads\/2025\/04\/Wiebke_Bader_Im_Einklang_Bronze_2020_Edition-4von9_310x14x12cm-16x12.jpg 16w\" sizes=\"auto, (max-width: 400px) 100vw, 400px\" \/><figcaption class=\"wp-element-caption\"><strong>In Harmony<\/strong>, Bronze, ca. 31 x 15 x 13 cm  <\/figcaption><\/figure>\n<\/div>\n\n\n\n<div class=\"wp-block-column is-layout-flow wp-block-column-is-layout-flow\">\n<figure class=\"wp-block-image size-full\"><img loading=\"lazy\" decoding=\"async\" width=\"500\" height=\"500\" src=\"https:\/\/wiebke-bader.de\/wp-content\/uploads\/2024\/11\/Wirbel_.png\" alt=\"Abstract bronze sculpture with round forms and a golden shining surface.\" class=\"wp-image-1875\" srcset=\"https:\/\/wiebke-bader.de\/wp-content\/uploads\/2024\/11\/Wirbel_.png 500w, https:\/\/wiebke-bader.de\/wp-content\/uploads\/2024\/11\/Wirbel_-300x300.png 300w, https:\/\/wiebke-bader.de\/wp-content\/uploads\/2024\/11\/Wirbel_-150x150.png 150w, https:\/\/wiebke-bader.de\/wp-content\/uploads\/2024\/11\/Wirbel_-12x12.png 12w, https:\/\/wiebke-bader.de\/wp-content\/uploads\/2024\/11\/Wirbel_-100x100.png 100w\" sizes=\"auto, (max-width: 500px) 100vw, 500px\" \/><figcaption class=\"wp-element-caption\"><strong><em>Whirl<\/em><\/strong>, Bronze, about 40\/38\/25 cm<\/figcaption><\/figure>\n\n\n\n<figure class=\"wp-block-image size-full\"><img loading=\"lazy\" decoding=\"async\" width=\"400\" height=\"400\" src=\"https:\/\/wiebke-bader.de\/wp-content\/uploads\/2025\/04\/P1140122a-1.jpg\" alt=\"Bronzeskulpture in goldfarbener Legierung. Abstrakte runde Form mit einem Loch in der Mitte.\" class=\"wp-image-2681\" srcset=\"https:\/\/wiebke-bader.de\/wp-content\/uploads\/2025\/04\/P1140122a-1.jpg 400w, https:\/\/wiebke-bader.de\/wp-content\/uploads\/2025\/04\/P1140122a-1-300x300.jpg 300w, https:\/\/wiebke-bader.de\/wp-content\/uploads\/2025\/04\/P1140122a-1-150x150.jpg 150w, https:\/\/wiebke-bader.de\/wp-content\/uploads\/2025\/04\/P1140122a-1-12x12.jpg 12w, https:\/\/wiebke-bader.de\/wp-content\/uploads\/2025\/04\/P1140122a-1-100x100.jpg 100w\" sizes=\"auto, (max-width: 400px) 100vw, 400px\" \/><figcaption class=\"wp-element-caption\"><strong>Circling<\/strong>, Bronze, about 47\/42\/38 cm<\/figcaption><\/figure>\n<\/div>\n<\/div>\n\n\n\n<p>Bronze sculptures exude great dignity. Their unique ability to reflect light gives these works a special luster. Their surface can be finished in a variety of ways: from high-gloss to matte to heavily textured. Their color variety is also unsurpassed. Patina can be used to create a wide variety of colors that always remain warm and natural. Furthermore, they are weatherproof and can be placed outdoors without any problems.<\/p>\n\n\n\n<div class=\"wp-block-columns is-layout-flex wp-container-core-columns-is-layout-9d6595d7 wp-block-columns-is-layout-flex\">\n<div class=\"wp-block-column is-layout-flow wp-block-column-is-layout-flow\">\n<figure class=\"wp-block-image size-full\"><img loading=\"lazy\" decoding=\"async\" width=\"400\" height=\"400\" src=\"https:\/\/wiebke-bader.de\/wp-content\/uploads\/2025\/04\/Wiebke_Bader_Ein_gluecklicher_Tag_2024_Bronze_Edition2von9_37x44x36cm_klein.jpg\" alt=\"Black sculpture, abstakt, smooth forms, soft curves.\" class=\"wp-image-2622\" srcset=\"https:\/\/wiebke-bader.de\/wp-content\/uploads\/2025\/04\/Wiebke_Bader_Ein_gluecklicher_Tag_2024_Bronze_Edition2von9_37x44x36cm_klein.jpg 400w, https:\/\/wiebke-bader.de\/wp-content\/uploads\/2025\/04\/Wiebke_Bader_Ein_gluecklicher_Tag_2024_Bronze_Edition2von9_37x44x36cm_klein-300x300.jpg 300w, https:\/\/wiebke-bader.de\/wp-content\/uploads\/2025\/04\/Wiebke_Bader_Ein_gluecklicher_Tag_2024_Bronze_Edition2von9_37x44x36cm_klein-150x150.jpg 150w, https:\/\/wiebke-bader.de\/wp-content\/uploads\/2025\/04\/Wiebke_Bader_Ein_gluecklicher_Tag_2024_Bronze_Edition2von9_37x44x36cm_klein-12x12.jpg 12w, https:\/\/wiebke-bader.de\/wp-content\/uploads\/2025\/04\/Wiebke_Bader_Ein_gluecklicher_Tag_2024_Bronze_Edition2von9_37x44x36cm_klein-100x100.jpg 100w\" sizes=\"auto, (max-width: 400px) 100vw, 400px\" \/><figcaption class=\"wp-element-caption\"><strong>A happy day<\/strong>, bronze, approx. 37\/44\/36 cm<\/figcaption><\/figure>\n<\/div>\n\n\n\n<div class=\"wp-block-column is-layout-flow wp-block-column-is-layout-flow\">\n<figure class=\"wp-block-image size-full\"><img decoding=\"async\" src=\"https:\/\/wiebke-bader.de\/wp-content\/uploads\/2023\/10\/P1120742ak.png\" alt=\"abstrakte Bronzeskulptur &quot;Anfang&quot;, dunkel patiniert\" class=\"wp-image-1441\"\/><figcaption class=\"wp-element-caption\"><strong>Beginning<\/strong>, Bronze, about 39\/44\/25 cm<\/figcaption><\/figure>\n<\/div>\n<\/div>\n\n\n\n<div class=\"wp-block-columns is-layout-flex wp-container-core-columns-is-layout-9d6595d7 wp-block-columns-is-layout-flex\">\n<div class=\"wp-block-column is-layout-flow wp-block-column-is-layout-flow\">\n<figure class=\"wp-block-image size-full\"><img loading=\"lazy\" decoding=\"async\" width=\"400\" height=\"400\" src=\"https:\/\/wiebke-bader.de\/wp-content\/uploads\/2025\/04\/Wiebke-Bader_Liebes-Paar_Bronze_klein.jpg\" alt=\"Zwei abstrakte, schlanke , sanft gechwungene Quader, die zueinander in Beziehung stehen. Bronze, schwarz patiniert.\" class=\"wp-image-2625\" srcset=\"https:\/\/wiebke-bader.de\/wp-content\/uploads\/2025\/04\/Wiebke-Bader_Liebes-Paar_Bronze_klein.jpg 400w, https:\/\/wiebke-bader.de\/wp-content\/uploads\/2025\/04\/Wiebke-Bader_Liebes-Paar_Bronze_klein-300x300.jpg 300w, https:\/\/wiebke-bader.de\/wp-content\/uploads\/2025\/04\/Wiebke-Bader_Liebes-Paar_Bronze_klein-150x150.jpg 150w, https:\/\/wiebke-bader.de\/wp-content\/uploads\/2025\/04\/Wiebke-Bader_Liebes-Paar_Bronze_klein-12x12.jpg 12w, https:\/\/wiebke-bader.de\/wp-content\/uploads\/2025\/04\/Wiebke-Bader_Liebes-Paar_Bronze_klein-100x100.jpg 100w\" sizes=\"auto, (max-width: 400px) 100vw, 400px\" \/><figcaption class=\"wp-element-caption\"><strong>Loving couple<\/strong>, Bronze, ca. 23\/14\/55 cm<\/figcaption><\/figure>\n\n\n\n<figure class=\"wp-block-image size-full\"><img decoding=\"async\" src=\"https:\/\/wiebke-bader.de\/wp-content\/uploads\/2025\/03\/Wiebke_Bader_Die_grosse_Leere_und_die_kleine_Freude_Kunststein_und_Kupfer_klein.jpg\" alt=\"Zwei schwarze Skulpturen, abstrakt, runde Formen, glatte Oberfl\u00e4chen.\" class=\"wp-image-2393\"\/><figcaption class=\"wp-element-caption\"><strong>The great emptiness and the small joy<\/strong>, artificial stone bronze, approx. 40\/24\/18 and 36\/29\/25 cm<\/figcaption><\/figure>\n\n\n\n<figure class=\"wp-block-image size-full\"><img loading=\"lazy\" decoding=\"async\" width=\"400\" height=\"400\" src=\"https:\/\/wiebke-bader.de\/wp-content\/uploads\/2025\/04\/Wiebke_Bader_Bogen_I_und_II_a400.jpg\" alt=\"Zwei B\u00f6gen mit glatter Oberfl\u00e4che und sanft geschwungenen Kanten, gr\u00fcn patiniert.\" class=\"wp-image-2694\" srcset=\"https:\/\/wiebke-bader.de\/wp-content\/uploads\/2025\/04\/Wiebke_Bader_Bogen_I_und_II_a400.jpg 400w, https:\/\/wiebke-bader.de\/wp-content\/uploads\/2025\/04\/Wiebke_Bader_Bogen_I_und_II_a400-300x300.jpg 300w, https:\/\/wiebke-bader.de\/wp-content\/uploads\/2025\/04\/Wiebke_Bader_Bogen_I_und_II_a400-150x150.jpg 150w, https:\/\/wiebke-bader.de\/wp-content\/uploads\/2025\/04\/Wiebke_Bader_Bogen_I_und_II_a400-12x12.jpg 12w, https:\/\/wiebke-bader.de\/wp-content\/uploads\/2025\/04\/Wiebke_Bader_Bogen_I_und_II_a400-100x100.jpg 100w\" sizes=\"auto, (max-width: 400px) 100vw, 400px\" \/><figcaption class=\"wp-element-caption\"><strong>Bow I and II<\/strong>, Brass, 20\/31\/10 cm and 26\/15\/12 cm<\/figcaption><\/figure>\n\n\n\n<figure class=\"wp-block-image size-large\"><img loading=\"lazy\" decoding=\"async\" width=\"1024\" height=\"684\" src=\"https:\/\/wiebke-bader.de\/wp-content\/uploads\/2023\/03\/P1010296-1024x684.jpg\" alt=\"abstrahierte Bronzeskulptur einer schlafenden Frau\" class=\"wp-image-1355\"\/><figcaption class=\"wp-element-caption\"><strong>Sleeping woman<\/strong>, bronze, approx. 80\/36\/60 cm<\/figcaption><\/figure>\n<\/div>\n\n\n\n<div class=\"wp-block-column is-layout-flow wp-block-column-is-layout-flow\">\n<figure class=\"wp-block-image size-full\"><img loading=\"lazy\" decoding=\"async\" width=\"400\" height=\"533\" src=\"https:\/\/wiebke-bader.de\/wp-content\/uploads\/2025\/03\/Wiebke_Bader_Oval_37x63x27cm_Acrylicone_und_Kupfer_klein.jpg\" alt=\"Abstrakte Skulptur mit runden Formen und einem ovalen Durchbruch, gr\u00fcn patiniert.\" class=\"wp-image-2422\" srcset=\"https:\/\/wiebke-bader.de\/wp-content\/uploads\/2025\/03\/Wiebke_Bader_Oval_37x63x27cm_Acrylicone_und_Kupfer_klein.jpg 400w, https:\/\/wiebke-bader.de\/wp-content\/uploads\/2025\/03\/Wiebke_Bader_Oval_37x63x27cm_Acrylicone_und_Kupfer_klein-225x300.jpg 225w, https:\/\/wiebke-bader.de\/wp-content\/uploads\/2025\/03\/Wiebke_Bader_Oval_37x63x27cm_Acrylicone_und_Kupfer_klein-9x12.jpg 9w\" sizes=\"auto, (max-width: 400px) 100vw, 400px\" \/><figcaption class=\"wp-element-caption\"><strong>Panta Rhei<\/strong>, artificial stone and bronze, 37\/63\/27 cm<\/figcaption><\/figure>\n\n\n\n<figure class=\"wp-block-image size-full\"><img loading=\"lazy\" decoding=\"async\" width=\"500\" height=\"500\" src=\"https:\/\/wiebke-bader.de\/wp-content\/uploads\/2022\/10\/P1110721b.jpg\" alt=\"Abstract, round bronze sculpture, green-brown patinated, in front of an autumn landscape. goldleuchtender Siliziumbronze.\" class=\"wp-image-1236\" srcset=\"https:\/\/wiebke-bader.de\/wp-content\/uploads\/2022\/10\/P1110721b.jpg 500w, https:\/\/wiebke-bader.de\/wp-content\/uploads\/2022\/10\/P1110721b-300x300.jpg 300w, https:\/\/wiebke-bader.de\/wp-content\/uploads\/2022\/10\/P1110721b-150x150.jpg 150w, https:\/\/wiebke-bader.de\/wp-content\/uploads\/2022\/10\/P1110721b-12x12.jpg 12w, https:\/\/wiebke-bader.de\/wp-content\/uploads\/2022\/10\/P1110721b-100x100.jpg 100w\" sizes=\"auto, (max-width: 500px) 100vw, 500px\" \/><figcaption class=\"wp-element-caption\"><strong>Circling<\/strong>, Bronze, about 47\/42\/38 cm<\/figcaption><\/figure>\n\n\n\n<figure class=\"wp-block-image size-full\"><img loading=\"lazy\" decoding=\"async\" width=\"500\" height=\"667\" src=\"https:\/\/wiebke-bader.de\/wp-content\/uploads\/2025\/05\/P1120138a_.jpg\" alt=\"Abstrakte Bronzeskulptur mit strukturierter schwarzer Oberfl\u00e4che.\" class=\"wp-image-2732\" srcset=\"https:\/\/wiebke-bader.de\/wp-content\/uploads\/2025\/05\/P1120138a_.jpg 500w, https:\/\/wiebke-bader.de\/wp-content\/uploads\/2025\/05\/P1120138a_-225x300.jpg 225w, https:\/\/wiebke-bader.de\/wp-content\/uploads\/2025\/05\/P1120138a_-9x12.jpg 9w\" sizes=\"auto, (max-width: 500px) 100vw, 500px\" \/><figcaption class=\"wp-element-caption\"><strong>Eye to the sky<\/strong>, Bronze, 20\/29\/12 cm<\/figcaption><\/figure>\n<\/div>\n<\/div>\n\n\n\n<div class=\"wp-block-columns is-layout-flex wp-container-core-columns-is-layout-9d6595d7 wp-block-columns-is-layout-flex\">\n<div class=\"wp-block-column is-layout-flow wp-block-column-is-layout-flow\">\n<figure class=\"wp-block-image size-full\"><img loading=\"lazy\" decoding=\"async\" width=\"500\" height=\"667\" src=\"https:\/\/wiebke-bader.de\/wp-content\/uploads\/2024\/11\/WE_.jpg\" alt=\"High polished abstract brass sculpture with smooth organic forms\" class=\"wp-image-1858\" srcset=\"https:\/\/wiebke-bader.de\/wp-content\/uploads\/2024\/11\/WE_.jpg 500w, https:\/\/wiebke-bader.de\/wp-content\/uploads\/2024\/11\/WE_-225x300.jpg 225w, https:\/\/wiebke-bader.de\/wp-content\/uploads\/2024\/11\/WE_-9x12.jpg 9w\" sizes=\"auto, (max-width: 500px) 100vw, 500px\" \/><figcaption class=\"wp-element-caption\"><strong><em>Dreaming<\/em><\/strong>, Brass, about 90\/61\/68 cm.<\/figcaption><\/figure>\n<\/div>\n\n\n\n<div class=\"wp-block-column is-layout-flow wp-block-column-is-layout-flow\">\n<figure class=\"wp-block-image size-full\"><img loading=\"lazy\" decoding=\"async\" width=\"500\" height=\"676\" src=\"https:\/\/wiebke-bader.de\/wp-content\/uploads\/2024\/11\/P1050644a_.jpg\" alt=\"High polished abstract brass sculpture with smooth organic forms\" class=\"wp-image-1859\" srcset=\"https:\/\/wiebke-bader.de\/wp-content\/uploads\/2024\/11\/P1050644a_.jpg 500w, https:\/\/wiebke-bader.de\/wp-content\/uploads\/2024\/11\/P1050644a_-222x300.jpg 222w, https:\/\/wiebke-bader.de\/wp-content\/uploads\/2024\/11\/P1050644a_-9x12.jpg 9w\" sizes=\"auto, (max-width: 500px) 100vw, 500px\" \/><figcaption class=\"wp-element-caption\"><strong><em>Dreaming<\/em><\/strong>, Brass, about 90\/61\/68 cm.<\/figcaption><\/figure>\n<\/div>\n<\/div>\n\n\n\n<figure class=\"wp-block-image size-full\"><img loading=\"lazy\" decoding=\"async\" width=\"1000\" height=\"1016\" src=\"https:\/\/wiebke-bader.de\/wp-content\/uploads\/2025\/04\/P1130282f.jpg\" alt=\"Messingskulptur mit organischen Formen, hochglanz poliert\" class=\"wp-image-2704\" srcset=\"https:\/\/wiebke-bader.de\/wp-content\/uploads\/2025\/04\/P1130282f.jpg 1000w, https:\/\/wiebke-bader.de\/wp-content\/uploads\/2025\/04\/P1130282f-295x300.jpg 295w, https:\/\/wiebke-bader.de\/wp-content\/uploads\/2025\/04\/P1130282f-768x780.jpg 768w, https:\/\/wiebke-bader.de\/wp-content\/uploads\/2025\/04\/P1130282f-12x12.jpg 12w\" sizes=\"auto, (max-width: 767px) 89vw, (max-width: 1000px) 54vw, (max-width: 1071px) 543px, 580px\" \/><figcaption class=\"wp-element-caption\">Bewegt, Messing, ca. 65\/78\/58 cm<\/figcaption><\/figure>\n\n\n\n<figure class=\"wp-block-image size-full\"><img loading=\"lazy\" decoding=\"async\" width=\"1000\" height=\"691\" src=\"https:\/\/wiebke-bader.de\/wp-content\/uploads\/2022\/10\/Wiebke_Bader_Im_Einklang_Bronze_112x56x53cm.jpg\" alt=\"Liegende Figur aus Bronze, abstrakt\" class=\"wp-image-1240\" srcset=\"https:\/\/wiebke-bader.de\/wp-content\/uploads\/2022\/10\/Wiebke_Bader_Im_Einklang_Bronze_112x56x53cm.jpg 1000w, https:\/\/wiebke-bader.de\/wp-content\/uploads\/2022\/10\/Wiebke_Bader_Im_Einklang_Bronze_112x56x53cm-300x207.jpg 300w, https:\/\/wiebke-bader.de\/wp-content\/uploads\/2022\/10\/Wiebke_Bader_Im_Einklang_Bronze_112x56x53cm-768x531.jpg 768w, https:\/\/wiebke-bader.de\/wp-content\/uploads\/2022\/10\/Wiebke_Bader_Im_Einklang_Bronze_112x56x53cm-18x12.jpg 18w\" sizes=\"auto, (max-width: 767px) 89vw, (max-width: 1000px) 54vw, (max-width: 1071px) 543px, 580px\" \/><figcaption class=\"wp-element-caption\"><strong><em>In Harmony<\/em><\/strong>, bronze, approx. 112 x 56 x 53 cm<\/figcaption><\/figure>\n\n\n\n<p>In der Rubrik Neues zeigt der Beitrag <a href=\"https:\/\/wiebke-bader.de\/en\/bronzeskulptur-zwei-spitzen\/\">Bronze sculpture Two Points<\/a> exemplifies how a sculpture is created.<\/p>\n\n\n\n<div class=\"wp-block-buttons is-layout-flex wp-block-buttons-is-layout-flex\">\n<div class=\"wp-block-button\"><a class=\"wp-block-button__link wp-element-button\" href=\"https:\/\/wiebke-bader.de\/en\/black-sculptures\/\">Black sculptures<\/a><\/div>\n<\/div>","protected":false},"excerpt":{"rendered":"<p>Skulpturen aus Bronze strahlen eine gro\u00dfe W\u00fcrde aus. Ihre einzigartige F\u00e4higkeit, Licht zu reflektieren verleiht diesen Arbeiten einen besonderen Glanz. Dabei kann ihre Oberfl\u00e4che auf vielf\u00e4ltige Weise gestaltet werden: von hochgl\u00e4nzend \u00fcber matt bis zu stark strukturiert. Auch ihre Farbenvielfalt ist un\u00fcbertroffen. Mit der Patina k\u00f6nnen die unterschiedlichsten Farben erzeugt werden, die immer warm und &hellip; <\/p>\n<p class=\"link-more\"><a href=\"https:\/\/wiebke-bader.de\/en\/bronze\/\" class=\"more-link\">Continue reading<span class=\"screen-reader-text\"> &#8222;Bronze&#8220;<\/span><\/a><\/p>","protected":false},"author":1,"featured_media":0,"parent":0,"menu_order":0,"comment_status":"closed","ping_status":"closed","template":"","meta":{"footnotes":""},"class_list":["post-1100","page","type-page","status-publish","hentry"],"_links":{"self":[{"href":"https:\/\/wiebke-bader.de\/en\/wp-json\/wp\/v2\/pages\/1100","targetHints":{"allow":["GET"]}}],"collection":[{"href":"https:\/\/wiebke-bader.de\/en\/wp-json\/wp\/v2\/pages"}],"about":[{"href":"https:\/\/wiebke-bader.de\/en\/wp-json\/wp\/v2\/types\/page"}],"author":[{"embeddable":true,"href":"https:\/\/wiebke-bader.de\/en\/wp-json\/wp\/v2\/users\/1"}],"replies":[{"embeddable":true,"href":"https:\/\/wiebke-bader.de\/en\/wp-json\/wp\/v2\/comments?post=1100"}],"version-history":[{"count":69,"href":"https:\/\/wiebke-bader.de\/en\/wp-json\/wp\/v2\/pages\/1100\/revisions"}],"predecessor-version":[{"id":2736,"href":"https:\/\/wiebke-bader.de\/en\/wp-json\/wp\/v2\/pages\/1100\/revisions\/2736"}],"wp:attachment":[{"href":"https:\/\/wiebke-bader.de\/en\/wp-json\/wp\/v2\/media?parent=1100"}],"curies":[{"name":"wp","href":"https:\/\/api.w.org\/{rel}","templated":true}]}}